{"id":10,"date":"2025-08-05T14:30:24","date_gmt":"2025-08-05T14:30:24","guid":{"rendered":"http:\/\/ludivih.cluster100.hosting.ovh.net\/?page_id=10"},"modified":"2026-04-04T15:54:37","modified_gmt":"2026-04-04T15:54:37","slug":"vocation","status":"publish","type":"page","link":"https:\/\/www.ludivinealcala.fr\/index.php\/vocation\/","title":{"rendered":"Vocation"},"content":{"rendered":"\n<div class=\"wp-block-cover alignfull has-parallax has-custom-content-position is-position-bottom-center\" style=\"margin-top:0;margin-bottom:0;padding-top:var(--wp--preset--spacing--50);padding-right:var(--wp--preset--spacing--50);padding-bottom:var(--wp--preset--spacing--50);padding-left:var(--wp--preset--spacing--50);min-height:840px;aspect-ratio:unset;\"><div class=\"wp-block-cover__image-background wp-image-364 size-full has-parallax\" style=\"background-position:50% 50%;background-image:url(https:\/\/www.ludivinealcala.fr\/wp-content\/uploads\/2026\/04\/logo_sans_LA.png)\"><\/div><span aria-hidden=\"true\" class=\"wp-block-cover__background has-background-dim-10 has-background-dim\"><\/span><div class=\"wp-block-cover__inner-container is-layout-flow wp-block-cover-is-layout-flow\">\n<div class=\"wp-block-group alignwide has-global-padding is-content-justification-left is-layout-constrained wp-container-core-group-is-layout-12dd3699 wp-block-group-is-layout-constrained\">\n<h2 class=\"wp-block-heading has-text-align-left has-xx-large-font-size\">\u00c0 deux voies<\/h2>\n\n\n\n<p>Passionn\u00e9e par les mots, entrant en lien avec eux dans un rapport savoureux presqu&#8217;amoureux, Ludivine s&#8217;exprime \u00e0 travers deux voix : le th\u00e9\u00e2tre et l&#8217;\u00e9criture.<\/p>\n\n\n\n<div class=\"wp-block-buttons is-layout-flex wp-block-buttons-is-layout-flex\">\n<div class=\"wp-block-button\"><a class=\"wp-block-button__link wp-element-button\" href=\"http:\/\/ludivinealcala.fr\/index.php\/contact\/\">Contact<\/a><\/div>\n<\/div>\n<\/div>\n<\/div><\/div>\n\n\n\n<div class=\"wp-block-group alignfull is-style-section-5 has-custom-color-2-background-color has-background has-global-padding is-layout-constrained wp-block-group-is-layout-constrained is-style-section-5--1\" style=\"margin-top:0;margin-bottom:0;padding-top:var(--wp--preset--spacing--50);padding-bottom:var(--wp--preset--spacing--50)\">\n<div class=\"wp-block-columns alignwide is-layout-flex wp-container-core-columns-is-layout-7ee84d44 wp-block-columns-is-layout-flex\">\n<div class=\"wp-block-column is-vertically-aligned-center is-layout-flow wp-block-column-is-layout-flow\" style=\"flex-basis:50%\">\n<h2 class=\"wp-block-heading\">Ludivine Alcala auteure<\/h2>\n\n\n\n<p class=\"has-large-font-size\">Depuis 2021, Ludivine publie au sein de ses \u00e9ditions Kabotines des livres jeunesse empreints de po\u00e9sie et de th\u00e9\u00e2tre. <\/p>\n\n\n\n<p class=\"has-large-font-size\">En bonne cabotine qu&#8217;elle est, elle aime jouer avec les mots et offrir \u00e0 ses personnages des langages singuliers. <\/p>\n\n\n\n<figure class=\"wp-block-pullquote is-style-default\"><blockquote><p><sub>&#8220;Tu es vraiment feunom\u00e9nal!&#8221; <\/sub><\/p><cite>Stella s&#8217;adressant \u00e0 son ami dragon.<\/cite><\/blockquote><\/figure>\n<\/div>\n\n\n\n<div class=\"wp-block-column is-vertically-aligned-center is-layout-flow wp-block-column-is-layout-flow\" style=\"flex-basis:50%\">\n<figure class=\"wp-block-image size-large\"><img loading=\"lazy\" decoding=\"async\" width=\"819\" height=\"1024\" src=\"http:\/\/ludivinealcala.fr\/wp-content\/uploads\/2025\/08\/ludivine_lecture-1-819x1024.jpg\" alt=\"\" class=\"wp-image-14\" style=\"aspect-ratio:3\/4;object-fit:cover\" srcset=\"https:\/\/www.ludivinealcala.fr\/wp-content\/uploads\/2025\/08\/ludivine_lecture-1-819x1024.jpg 819w, https:\/\/www.ludivinealcala.fr\/wp-content\/uploads\/2025\/08\/ludivine_lecture-1-240x300.jpg 240w, https:\/\/www.ludivinealcala.fr\/wp-content\/uploads\/2025\/08\/ludivine_lecture-1-768x960.jpg 768w, https:\/\/www.ludivinealcala.fr\/wp-content\/uploads\/2025\/08\/ludivine_lecture-1-1229x1536.jpg 1229w, https:\/\/www.ludivinealcala.fr\/wp-content\/uploads\/2025\/08\/ludivine_lecture-1.jpg 1440w\" sizes=\"auto, (max-width: 819px) 100vw, 819px\" \/><\/figure>\n<\/div>\n<\/div>\n<\/div>\n\n\n\n<div class=\"wp-block-group alignfull is-style-section-5 has-contrast-background-color has-background has-global-padding is-layout-constrained wp-block-group-is-layout-constrained is-style-section-5--2\" style=\"margin-top:0;margin-bottom:0;padding-top:var(--wp--preset--spacing--50);padding-bottom:var(--wp--preset--spacing--50)\">\n<div class=\"wp-block-columns alignwide is-layout-flex wp-container-core-columns-is-layout-7ee84d44 wp-block-columns-is-layout-flex\">\n<div class=\"wp-block-column is-vertically-aligned-center is-layout-flow wp-block-column-is-layout-flow\" style=\"flex-basis:50%\">\n<figure class=\"wp-block-image size-large\"><img loading=\"lazy\" decoding=\"async\" width=\"369\" height=\"1024\" src=\"http:\/\/ludivinealcala.fr\/wp-content\/uploads\/2025\/08\/471581482_10161361243330805_4291047841337376076_n-3-369x1024.jpg\" alt=\"\" class=\"wp-image-18\" srcset=\"https:\/\/www.ludivinealcala.fr\/wp-content\/uploads\/2025\/08\/471581482_10161361243330805_4291047841337376076_n-3-369x1024.jpg 369w, https:\/\/www.ludivinealcala.fr\/wp-content\/uploads\/2025\/08\/471581482_10161361243330805_4291047841337376076_n-3-108x300.jpg 108w, https:\/\/www.ludivinealcala.fr\/wp-content\/uploads\/2025\/08\/471581482_10161361243330805_4291047841337376076_n-3-768x2130.jpg 768w, https:\/\/www.ludivinealcala.fr\/wp-content\/uploads\/2025\/08\/471581482_10161361243330805_4291047841337376076_n-3-554x1536.jpg 554w, https:\/\/www.ludivinealcala.fr\/wp-content\/uploads\/2025\/08\/471581482_10161361243330805_4291047841337376076_n-3-738x2048.jpg 738w, https:\/\/www.ludivinealcala.fr\/wp-content\/uploads\/2025\/08\/471581482_10161361243330805_4291047841337376076_n-3.jpg 848w\" sizes=\"auto, (max-width: 369px) 100vw, 369px\" \/><\/figure>\n<\/div>\n\n\n\n<div class=\"wp-block-column is-vertically-aligned-center is-layout-flow wp-block-column-is-layout-flow\" style=\"flex-basis:50%\">\n<h2 class=\"wp-block-heading\">Ludivine Alcala com\u00e9dienne<\/h2>\n\n\n\n<p class=\"has-large-font-size\">D\u00e8s la petite enfance, elle aime incarner &#8220;l&#8217;Autre&#8221;. Tr\u00e8s &#8220;dans la lune&#8221;, elle rejoue les sc\u00e8nes qu&#8217;elle voit \u00e0 la t\u00e9l\u00e9vision et dans la vie r\u00e9elle, comme une plong\u00e9e profonde dans la sph\u00e8re empathique. Se sentant souvent d\u00e9sincarn\u00e9e, c&#8217;est \u00e0 travers l&#8217;interpr\u00e9tation qu&#8217;elle appr\u00e9hende le monde, ses codes et son humanit\u00e9. <\/p>\n\n\n\n<figure class=\"wp-block-image size-full\"><img loading=\"lazy\" decoding=\"async\" width=\"412\" height=\"470\" src=\"http:\/\/ludivinealcala.fr\/wp-content\/uploads\/2025\/08\/516022748_10162031107370805_2813471865759072145_n.jpg\" alt=\"\" class=\"wp-image-85\" srcset=\"https:\/\/www.ludivinealcala.fr\/wp-content\/uploads\/2025\/08\/516022748_10162031107370805_2813471865759072145_n.jpg 412w, https:\/\/www.ludivinealcala.fr\/wp-content\/uploads\/2025\/08\/516022748_10162031107370805_2813471865759072145_n-263x300.jpg 263w\" sizes=\"auto, (max-width: 412px) 100vw, 412px\" \/><\/figure>\n<\/div>\n<\/div>\n\n\n\n<figure class=\"wp-block-image size-large\"><img loading=\"lazy\" decoding=\"async\" width=\"800\" height=\"1024\" src=\"http:\/\/ludivinealcala.fr\/wp-content\/uploads\/2025\/08\/IMG_20250811_221623-800x1024.jpg\" alt=\"\" class=\"wp-image-160\" srcset=\"https:\/\/www.ludivinealcala.fr\/wp-content\/uploads\/2025\/08\/IMG_20250811_221623-800x1024.jpg 800w, https:\/\/www.ludivinealcala.fr\/wp-content\/uploads\/2025\/08\/IMG_20250811_221623-234x300.jpg 234w, https:\/\/www.ludivinealcala.fr\/wp-content\/uploads\/2025\/08\/IMG_20250811_221623-768x983.jpg 768w, https:\/\/www.ludivinealcala.fr\/wp-content\/uploads\/2025\/08\/IMG_20250811_221623-1200x1536.jpg 1200w, https:\/\/www.ludivinealcala.fr\/wp-content\/uploads\/2025\/08\/IMG_20250811_221623.jpg 1299w\" sizes=\"auto, (max-width: 800px) 100vw, 800px\" \/><\/figure>\n<\/div>\n\n\n\n<div class=\"wp-block-group alignfull is-style-section-5 has-custom-color-2-background-color has-background has-global-padding is-layout-constrained wp-block-group-is-layout-constrained is-style-section-5--3\" style=\"margin-top:0;margin-bottom:0;padding-top:var(--wp--preset--spacing--50);padding-bottom:var(--wp--preset--spacing--50)\">\n<h2 class=\"wp-block-heading has-text-align-center\">Deux publics de pr\u00e9dilection<\/h2>\n\n\n\n<div class=\"wp-block-columns alignwide is-layout-flex wp-container-core-columns-is-layout-7ee84d44 wp-block-columns-is-layout-flex\">\n<div class=\"wp-block-column is-vertically-aligned-center is-layout-flow wp-block-column-is-layout-flow\" style=\"flex-basis:50%\">\n<figure class=\"wp-block-image size-large\"><img loading=\"lazy\" decoding=\"async\" width=\"592\" height=\"1024\" src=\"http:\/\/ludivinealcala.fr\/wp-content\/uploads\/2025\/08\/douce_chaleur-592x1024.jpeg\" alt=\"\" class=\"wp-image-162\" srcset=\"https:\/\/www.ludivinealcala.fr\/wp-content\/uploads\/2025\/08\/douce_chaleur-592x1024.jpeg 592w, https:\/\/www.ludivinealcala.fr\/wp-content\/uploads\/2025\/08\/douce_chaleur-173x300.jpeg 173w, https:\/\/www.ludivinealcala.fr\/wp-content\/uploads\/2025\/08\/douce_chaleur-768x1329.jpeg 768w, https:\/\/www.ludivinealcala.fr\/wp-content\/uploads\/2025\/08\/douce_chaleur-888x1536.jpeg 888w, https:\/\/www.ludivinealcala.fr\/wp-content\/uploads\/2025\/08\/douce_chaleur-1184x2048.jpeg 1184w, https:\/\/www.ludivinealcala.fr\/wp-content\/uploads\/2025\/08\/douce_chaleur-scaled.jpeg 1480w\" sizes=\"auto, (max-width: 592px) 100vw, 592px\" \/><\/figure>\n\n\n\n<p><\/p>\n<\/div>\n\n\n\n<div class=\"wp-block-column is-vertically-aligned-center is-layout-flow wp-block-column-is-layout-flow\" style=\"flex-basis:50%\">\n<h2 class=\"wp-block-heading has-x-large-font-size\">La jeunesse<\/h2>\n\n\n\n<p>Grande enfant dans l&#8217;\u00e2me, on dit souvent qu&#8217;elle ne fait pas son \u00e2ge. Garder son \u00e2me d&#8217;enfant ne serait-il pas digne d&#8217;un vieux sage? Elle aime travailler avec les petits o\u00f9 l&#8217;imaginaire reste tr\u00e8s pr\u00e9sent et la cr\u00e9ativit\u00e9, sans limite. Ses livres sont, dit-on, \u00e0 plusieurs niveaux de lecture : l&#8217;adulte y voit des messages, l&#8217;enfant y voit des r\u00eaves, de l&#8217;humour, de la tendresse.<\/p>\n\n\n\n<blockquote class=\"wp-block-quote is-layout-flow wp-block-quote-is-layout-flow\">\n<p class=\"has-text-align-center has-x-large-font-size\">&#8220;On dit souvent : vis les choses comme si c&#8217;\u00e9tait la derni\u00e8re fois. Moi, je vis les choses comme si c&#8217;\u00e9tait la premi\u00e8re fois.&#8221;<\/p>\n\n\n\n<p class=\"has-text-align-center is-style-default has-small-font-size\">Ludivine Alcala auteure<\/p>\n<\/blockquote>\n<\/div>\n<\/div>\n<\/div>\n\n\n\n<div class=\"wp-block-group alignfull is-style-section-5 has-custom-color-2-background-color has-background has-global-padding is-layout-constrained wp-block-group-is-layout-constrained is-style-section-5--4\" style=\"margin-top:0;margin-bottom:0;padding-top:var(--wp--preset--spacing--50);padding-bottom:var(--wp--preset--spacing--50)\">\n<div class=\"wp-block-columns alignwide is-layout-flex wp-container-core-columns-is-layout-7ee84d44 wp-block-columns-is-layout-flex\">\n<div class=\"wp-block-column is-vertically-aligned-center is-layout-flow wp-block-column-is-layout-flow\" style=\"flex-basis:50%\">\n<figure class=\"wp-block-image size-large\"><img loading=\"lazy\" decoding=\"async\" width=\"724\" height=\"1024\" src=\"http:\/\/ludivinealcala.fr\/wp-content\/uploads\/2025\/08\/fESTIVAL-RENAISSANCE-724x1024.jpg\" alt=\"\" class=\"wp-image-113\" srcset=\"https:\/\/www.ludivinealcala.fr\/wp-content\/uploads\/2025\/08\/fESTIVAL-RENAISSANCE-724x1024.jpg 724w, https:\/\/www.ludivinealcala.fr\/wp-content\/uploads\/2025\/08\/fESTIVAL-RENAISSANCE-212x300.jpg 212w, https:\/\/www.ludivinealcala.fr\/wp-content\/uploads\/2025\/08\/fESTIVAL-RENAISSANCE-768x1086.jpg 768w, https:\/\/www.ludivinealcala.fr\/wp-content\/uploads\/2025\/08\/fESTIVAL-RENAISSANCE-1086x1536.jpg 1086w, https:\/\/www.ludivinealcala.fr\/wp-content\/uploads\/2025\/08\/fESTIVAL-RENAISSANCE-1448x2048.jpg 1448w, https:\/\/www.ludivinealcala.fr\/wp-content\/uploads\/2025\/08\/fESTIVAL-RENAISSANCE.jpg 1587w\" sizes=\"auto, (max-width: 724px) 100vw, 724px\" \/><\/figure>\n\n\n\n<p class=\"has-text-align-center has-small-font-size\">Affiche pour le festival Renaissance, organis\u00e9 par et avec l&#8217;ESAT des Cigales, Salon de Provence.<\/p>\n<\/div>\n\n\n\n<div class=\"wp-block-column is-vertically-aligned-center is-layout-flow wp-block-column-is-layout-flow\" style=\"flex-basis:50%\">\n<h2 class=\"wp-block-heading\">Les publics sp\u00e9cifiques<\/h2>\n\n\n\n<p>Intellectuelle et humaniste, Ludivine a d\u00e9velopp\u00e9 dans sa jeunesse un master d\u00e9veloppant l&#8217;id\u00e9e d&#8217;un atelier th\u00e9\u00e2tre contre la stigmatisation sociale, \u00e0 destination notamment des personnes institutionnalis\u00e9es. Il lui tient \u00e0 c\u0153ur d&#8217;offrir au monde un autre regard sur les personnes en situation de handicap, il lui tient \u00e0 c\u0153ur de rendre au com\u00e9dien un autre regard sur lui-m\u00eame que ce que la soci\u00e9t\u00e9 lui renvoie.<\/p>\n\n\n\n<p>Ses ateliers th\u00e9\u00e2tre privil\u00e9gient une approche individuelle, collective, et artistique o\u00f9 chacun est invit\u00e9 \u00e0 s&#8217;exprimer avec sa propre singularit\u00e9. Des cr\u00e9ations collectives sont pr\u00e9f\u00e9r\u00e9es \u00e0 l&#8217;apprentissage de textes classiques et donnent un souffle nouveau \u00e0 l&#8217;art.<\/p>\n<\/div>\n<\/div>\n<\/div>\n\n\n\n<div class=\"wp-block-group alignfull has-global-padding is-layout-constrained wp-container-core-group-is-layout-08655630 wp-block-group-is-layout-constrained\" style=\"margin-top:0;margin-bottom:0;padding-top:var(--wp--preset--spacing--80);padding-bottom:var(--wp--preset--spacing--80)\">\n<div class=\"wp-block-group alignwide is-layout-flow wp-block-group-is-layout-flow\">\n<div class=\"wp-block-buttons is-content-justification-center is-layout-flex wp-container-core-buttons-is-layout-a89b3969 wp-block-buttons-is-layout-flex\">\n<div class=\"wp-block-button\"><a class=\"wp-block-button__link has-text-align-center wp-element-button\" href=\"http:\/\/ludivinealcala.fr\/index.php\/contact\/\">Contact<\/a><\/div>\n<\/div>\n\n\n\n<div style=\"height:var(--wp--preset--spacing--40)\" aria-hidden=\"true\" class=\"wp-block-spacer\"><\/div>\n\n\n\n<ul class=\"wp-block-social-links has-icon-color is-style-default is-content-justification-center is-layout-flex wp-container-core-social-links-is-layout-a89b3969 wp-block-social-links-is-layout-flex\"><li class=\"wp-social-link wp-social-link-facebook has-contrast-color wp-block-social-link\"><a href=\"\" class=\"wp-block-social-link-anchor\"><svg width=\"24\" height=\"24\" viewBox=\"0 0 24 24\" version=\"1.1\" xmlns=\"http:\/\/www.w3.org\/2000\/svg\" aria-hidden=\"true\" focusable=\"false\"><path d=\"M12 2C6.5 2 2 6.5 2 12c0 5 3.7 9.1 8.4 9.9v-7H7.9V12h2.5V9.8c0-2.5 1.5-3.9 3.8-3.9 1.1 0 2.2.2 2.2.2v2.5h-1.3c-1.2 0-1.6.8-1.6 1.6V12h2.8l-.4 2.9h-2.3v7C18.3 21.1 22 17 22 12c0-5.5-4.5-10-10-10z\"><\/path><\/svg><span class=\"wp-block-social-link-label screen-reader-text\">Facebook<\/span><\/a><\/li>\n\n<li class=\"wp-social-link wp-social-link-instagram has-contrast-color wp-block-social-link\"><a href=\"#\" class=\"wp-block-social-link-anchor\"><svg width=\"24\" height=\"24\" viewBox=\"0 0 24 24\" version=\"1.1\" xmlns=\"http:\/\/www.w3.org\/2000\/svg\" aria-hidden=\"true\" focusable=\"false\"><path d=\"M12,4.622c2.403,0,2.688,0.009,3.637,0.052c0.877,0.04,1.354,0.187,1.671,0.31c0.42,0.163,0.72,0.358,1.035,0.673 c0.315,0.315,0.51,0.615,0.673,1.035c0.123,0.317,0.27,0.794,0.31,1.671c0.043,0.949,0.052,1.234,0.052,3.637 s-0.009,2.688-0.052,3.637c-0.04,0.877-0.187,1.354-0.31,1.671c-0.163,0.42-0.358,0.72-0.673,1.035 c-0.315,0.315-0.615,0.51-1.035,0.673c-0.317,0.123-0.794,0.27-1.671,0.31c-0.949,0.043-1.233,0.052-3.637,0.052 s-2.688-0.009-3.637-0.052c-0.877-0.04-1.354-0.187-1.671-0.31c-0.42-0.163-0.72-0.358-1.035-0.673 c-0.315-0.315-0.51-0.615-0.673-1.035c-0.123-0.317-0.27-0.794-0.31-1.671C4.631,14.688,4.622,14.403,4.622,12 s0.009-2.688,0.052-3.637c0.04-0.877,0.187-1.354,0.31-1.671c0.163-0.42,0.358-0.72,0.673-1.035 c0.315-0.315,0.615-0.51,1.035-0.673c0.317-0.123,0.794-0.27,1.671-0.31C9.312,4.631,9.597,4.622,12,4.622 M12,3 C9.556,3,9.249,3.01,8.289,3.054C7.331,3.098,6.677,3.25,6.105,3.472C5.513,3.702,5.011,4.01,4.511,4.511 c-0.5,0.5-0.808,1.002-1.038,1.594C3.25,6.677,3.098,7.331,3.054,8.289C3.01,9.249,3,9.556,3,12c0,2.444,0.01,2.751,0.054,3.711 c0.044,0.958,0.196,1.612,0.418,2.185c0.23,0.592,0.538,1.094,1.038,1.594c0.5,0.5,1.002,0.808,1.594,1.038 c0.572,0.222,1.227,0.375,2.185,0.418C9.249,20.99,9.556,21,12,21s2.751-0.01,3.711-0.054c0.958-0.044,1.612-0.196,2.185-0.418 c0.592-0.23,1.094-0.538,1.594-1.038c0.5-0.5,0.808-1.002,1.038-1.594c0.222-0.572,0.375-1.227,0.418-2.185 C20.99,14.751,21,14.444,21,12s-0.01-2.751-0.054-3.711c-0.044-0.958-0.196-1.612-0.418-2.185c-0.23-0.592-0.538-1.094-1.038-1.594 c-0.5-0.5-1.002-0.808-1.594-1.038c-0.572-0.222-1.227-0.375-2.185-0.418C14.751,3.01,14.444,3,12,3L12,3z M12,7.378 c-2.552,0-4.622,2.069-4.622,4.622S9.448,16.622,12,16.622s4.622-2.069,4.622-4.622S14.552,7.378,12,7.378z M12,15 c-1.657,0-3-1.343-3-3s1.343-3,3-3s3,1.343,3,3S13.657,15,12,15z M16.804,6.116c-0.596,0-1.08,0.484-1.08,1.08 s0.484,1.08,1.08,1.08c0.596,0,1.08-0.484,1.08-1.08S17.401,6.116,16.804,6.116z\"><\/path><\/svg><span class=\"wp-block-social-link-label screen-reader-text\">Instagram<\/span><\/a><\/li><\/ul>\n<\/div>\n<\/div>\n\n\n\n<div class=\"wp-block-jetpack-tiled-gallery aligncenter is-style-columns\"><div class=\"\"><div class=\"tiled-gallery__gallery\"><div class=\"tiled-gallery__row\"><div class=\"tiled-gallery__col\" style=\"flex-basis:16.25200%\"><figure class=\"tiled-gallery__item\"><img decoding=\"async\" srcset=\"https:\/\/i0.wp.com\/www.ludivinealcala.fr\/wp-content\/uploads\/2025\/08\/acc-1.jpg?strip=info&#038;w=474&#038;ssl=1 474w\" alt=\"\" data-height=\"474\" data-id=\"295\" data-link=\"https:\/\/www.ludivinealcala.fr\/index.php\/vocation\/acc-2\/\" data-url=\"https:\/\/www.ludivinealcala.fr\/wp-content\/uploads\/2025\/08\/acc-1.jpg\" data-width=\"474\" src=\"https:\/\/i0.wp.com\/www.ludivinealcala.fr\/wp-content\/uploads\/2025\/08\/acc-1.jpg?ssl=1\" data-amp-layout=\"responsive\"\/><\/figure><figure class=\"tiled-gallery__item\"><img decoding=\"async\" srcset=\"https:\/\/i0.wp.com\/www.ludivinealcala.fr\/wp-content\/uploads\/2025\/08\/LOGO-ESAT-CIGALES.png?strip=info&#038;w=600&#038;ssl=1 600w,https:\/\/i0.wp.com\/www.ludivinealcala.fr\/wp-content\/uploads\/2025\/08\/LOGO-ESAT-CIGALES.png?strip=info&#038;w=686&#038;ssl=1 686w\" alt=\"\" data-height=\"669\" data-id=\"297\" data-link=\"https:\/\/www.ludivinealcala.fr\/index.php\/vocation\/logo-esat-cigales\/\" data-url=\"https:\/\/www.ludivinealcala.fr\/wp-content\/uploads\/2025\/08\/LOGO-ESAT-CIGALES.png\" data-width=\"686\" src=\"https:\/\/i0.wp.com\/www.ludivinealcala.fr\/wp-content\/uploads\/2025\/08\/LOGO-ESAT-CIGALES.png?ssl=1\" data-amp-layout=\"responsive\"\/><\/figure><\/div><div class=\"tiled-gallery__col\" style=\"flex-basis:51.29702%\"><figure class=\"tiled-gallery__item\"><img decoding=\"async\" srcset=\"https:\/\/i0.wp.com\/www.ludivinealcala.fr\/wp-content\/uploads\/2025\/08\/logo-AGAPEI13.png?strip=info&#038;w=230&#038;ssl=1 230w\" alt=\"\" data-height=\"145\" data-id=\"298\" data-link=\"https:\/\/www.ludivinealcala.fr\/index.php\/vocation\/logo-agapei13\/\" data-url=\"https:\/\/www.ludivinealcala.fr\/wp-content\/uploads\/2025\/08\/logo-AGAPEI13.png\" data-width=\"230\" src=\"https:\/\/i0.wp.com\/www.ludivinealcala.fr\/wp-content\/uploads\/2025\/08\/logo-AGAPEI13.png?ssl=1\" data-amp-layout=\"responsive\"\/><\/figure><\/div><div class=\"tiled-gallery__col\" style=\"flex-basis:32.45098%\"><figure class=\"tiled-gallery__item\"><img decoding=\"async\" srcset=\"https:\/\/i0.wp.com\/www.ludivinealcala.fr\/wp-content\/uploads\/2025\/08\/logo_mjc-1.jpg?strip=info&#038;w=474&#038;ssl=1 474w\" alt=\"\" data-height=\"474\" data-id=\"296\" data-link=\"https:\/\/www.ludivinealcala.fr\/index.php\/vocation\/logo_mjc-2\/\" data-url=\"https:\/\/www.ludivinealcala.fr\/wp-content\/uploads\/2025\/08\/logo_mjc-1.jpg\" data-width=\"474\" src=\"https:\/\/i0.wp.com\/www.ludivinealcala.fr\/wp-content\/uploads\/2025\/08\/logo_mjc-1.jpg?ssl=1\" data-amp-layout=\"responsive\"\/><\/figure><\/div><\/div><\/div><\/div><\/div>\n\n\n\n<p><\/p>\n","protected":false},"excerpt":{"rendered":"<p>Ludivine Alcala auteure Depuis 2021, Ludivine publie au sein de ses \u00e9ditions Kabotines des livres jeunesse empreints de po\u00e9sie et de th\u00e9\u00e2tre. En bonne cabotine qu&#8217;elle est, elle aime jouer avec les mots et offrir \u00e0 ses personnages des langages singuliers. &#8220;Tu es vraiment feunom\u00e9nal!&#8221; Stella s&#8217;adressant \u00e0 son ami dragon. Ludivine Alcala com\u00e9dienne D\u00e8s [&hellip;]<\/p>\n","protected":false},"author":1,"featured_media":0,"parent":0,"menu_order":1,"comment_status":"closed","ping_status":"closed","template":"","meta":{"footnotes":""},"class_list":["post-10","page","type-page","status-publish","hentry"],"jetpack_sharing_enabled":true,"_links":{"self":[{"href":"https:\/\/www.ludivinealcala.fr\/index.php\/wp-json\/wp\/v2\/pages\/10","targetHints":{"allow":["GET"]}}],"collection":[{"href":"https:\/\/www.ludivinealcala.fr\/index.php\/wp-json\/wp\/v2\/pages"}],"about":[{"href":"https:\/\/www.ludivinealcala.fr\/index.php\/wp-json\/wp\/v2\/types\/page"}],"author":[{"embeddable":true,"href":"https:\/\/www.ludivinealcala.fr\/index.php\/wp-json\/wp\/v2\/users\/1"}],"replies":[{"embeddable":true,"href":"https:\/\/www.ludivinealcala.fr\/index.php\/wp-json\/wp\/v2\/comments?post=10"}],"version-history":[{"count":35,"href":"https:\/\/www.ludivinealcala.fr\/index.php\/wp-json\/wp\/v2\/pages\/10\/revisions"}],"predecessor-version":[{"id":366,"href":"https:\/\/www.ludivinealcala.fr\/index.php\/wp-json\/wp\/v2\/pages\/10\/revisions\/366"}],"wp:attachment":[{"href":"https:\/\/www.ludivinealcala.fr\/index.php\/wp-json\/wp\/v2\/media?parent=10"}],"curies":[{"name":"wp","href":"https:\/\/api.w.org\/{rel}","templated":true}]}}