{"id":208,"date":"2025-08-22T07:14:08","date_gmt":"2025-08-22T07:14:08","guid":{"rendered":"http:\/\/ludivih.cluster100.hosting.ovh.net\/?page_id=208"},"modified":"2026-01-16T14:55:52","modified_gmt":"2026-01-16T14:55:52","slug":"formulaires-de-pre-inscription","status":"publish","type":"page","link":"https:\/\/www.ludivinealcala.fr\/index.php\/formulaires-de-pre-inscription\/","title":{"rendered":"Formulaires de pr\u00e9-inscription"},"content":{"rendered":"\n<h2 class=\"wp-block-heading\">Stages <\/h2>\n\n\n\n<div class=\"wp-block-media-text is-stacked-on-mobile\"><figure class=\"wp-block-media-text__media\"><img loading=\"lazy\" decoding=\"async\" width=\"724\" height=\"1024\" src=\"https:\/\/www.ludivinealcala.fr\/wp-content\/uploads\/2026\/01\/stage_mini_acteurs_fevrier-724x1024.png\" alt=\"\" class=\"wp-image-334 size-full\" srcset=\"https:\/\/www.ludivinealcala.fr\/wp-content\/uploads\/2026\/01\/stage_mini_acteurs_fevrier-724x1024.png 724w, https:\/\/www.ludivinealcala.fr\/wp-content\/uploads\/2026\/01\/stage_mini_acteurs_fevrier-212x300.png 212w, https:\/\/www.ludivinealcala.fr\/wp-content\/uploads\/2026\/01\/stage_mini_acteurs_fevrier-768x1086.png 768w, https:\/\/www.ludivinealcala.fr\/wp-content\/uploads\/2026\/01\/stage_mini_acteurs_fevrier-1086x1536.png 1086w, https:\/\/www.ludivinealcala.fr\/wp-content\/uploads\/2026\/01\/stage_mini_acteurs_fevrier-1448x2048.png 1448w, https:\/\/www.ludivinealcala.fr\/wp-content\/uploads\/2026\/01\/stage_mini_acteurs_fevrier.png 1587w\" sizes=\"auto, (max-width: 724px) 100vw, 724px\" \/><\/figure><div class=\"wp-block-media-text__content\">\n<details class=\"wp-block-details is-layout-flow wp-block-details-is-layout-flow\"><summary>Pr\u00e9-inscription 4\/6 ans &#8211; ALLEINS<\/summary><div class=\"wp-block-jetpack-contact-form\"><a href=\"https:\/\/www.ludivinealcala.fr\/index.php\/formulaires-de-pre-inscription\/\" target=\"_blank\" rel=\"noopener noreferrer\">Submit a form.<\/a><\/div><\/details>\n<\/div><\/div>\n\n\n\n<div class=\"wp-block-media-text has-media-on-the-right is-stacked-on-mobile\"><div class=\"wp-block-media-text__content\">\n<details class=\"wp-block-details is-layout-flow wp-block-details-is-layout-flow\"><summary>Pr\u00e9-inscription 7-12 ans &#8211;  ALLEINS<\/summary><div class=\"wp-block-jetpack-contact-form\"><a href=\"https:\/\/www.ludivinealcala.fr\/index.php\/formulaires-de-pre-inscription\/\" target=\"_blank\" rel=\"noopener noreferrer\">Submit a form.<\/a><\/div><\/details>\n<\/div><figure class=\"wp-block-media-text__media\"><img loading=\"lazy\" decoding=\"async\" width=\"724\" height=\"1024\" src=\"https:\/\/www.ludivinealcala.fr\/wp-content\/uploads\/2026\/01\/stage_theatre_enfants_fevrier-724x1024.png\" alt=\"\" class=\"wp-image-336 size-full\" srcset=\"https:\/\/www.ludivinealcala.fr\/wp-content\/uploads\/2026\/01\/stage_theatre_enfants_fevrier-724x1024.png 724w, https:\/\/www.ludivinealcala.fr\/wp-content\/uploads\/2026\/01\/stage_theatre_enfants_fevrier-212x300.png 212w, https:\/\/www.ludivinealcala.fr\/wp-content\/uploads\/2026\/01\/stage_theatre_enfants_fevrier-768x1086.png 768w, https:\/\/www.ludivinealcala.fr\/wp-content\/uploads\/2026\/01\/stage_theatre_enfants_fevrier-1086x1536.png 1086w, https:\/\/www.ludivinealcala.fr\/wp-content\/uploads\/2026\/01\/stage_theatre_enfants_fevrier-1448x2048.png 1448w, https:\/\/www.ludivinealcala.fr\/wp-content\/uploads\/2026\/01\/stage_theatre_enfants_fevrier.png 1587w\" sizes=\"auto, (max-width: 724px) 100vw, 724px\" \/><\/figure><\/div>\n\n\n\n<div class=\"wp-block-media-text is-stacked-on-mobile\"><figure class=\"wp-block-media-text__media\"><img loading=\"lazy\" decoding=\"async\" width=\"724\" height=\"1024\" src=\"https:\/\/www.ludivinealcala.fr\/wp-content\/uploads\/2026\/01\/Mon-1er-JDR-1-724x1024.png\" alt=\"\" class=\"wp-image-337 size-full\" srcset=\"https:\/\/www.ludivinealcala.fr\/wp-content\/uploads\/2026\/01\/Mon-1er-JDR-1-724x1024.png 724w, https:\/\/www.ludivinealcala.fr\/wp-content\/uploads\/2026\/01\/Mon-1er-JDR-1-212x300.png 212w, https:\/\/www.ludivinealcala.fr\/wp-content\/uploads\/2026\/01\/Mon-1er-JDR-1-768x1086.png 768w, https:\/\/www.ludivinealcala.fr\/wp-content\/uploads\/2026\/01\/Mon-1er-JDR-1-1086x1536.png 1086w, https:\/\/www.ludivinealcala.fr\/wp-content\/uploads\/2026\/01\/Mon-1er-JDR-1-1448x2048.png 1448w, https:\/\/www.ludivinealcala.fr\/wp-content\/uploads\/2026\/01\/Mon-1er-JDR-1.png 1587w\" sizes=\"auto, (max-width: 724px) 100vw, 724px\" \/><\/figure><div class=\"wp-block-media-text__content\">\n<details class=\"wp-block-details is-layout-flow wp-block-details-is-layout-flow\"><summary>Pr\u00e9-inscription Mon 1er JDR &#8211; SALON <\/summary><div class=\"wp-block-jetpack-contact-form\"><a href=\"https:\/\/www.ludivinealcala.fr\/index.php\/formulaires-de-pre-inscription\/\" target=\"_blank\" rel=\"noopener noreferrer\">Submit a form.<\/a><\/div><\/details>\n<\/div><\/div>\n\n\n\n<div class=\"wp-block-media-text has-media-on-the-right is-stacked-on-mobile\"><div class=\"wp-block-media-text__content\">\n<details class=\"wp-block-details is-layout-flow wp-block-details-is-layout-flow\"><summary>Pr\u00e9-inscription JMH &#8211; SALON<\/summary><div class=\"wp-block-jetpack-contact-form\"><a href=\"https:\/\/www.ludivinealcala.fr\/index.php\/formulaires-de-pre-inscription\/\" target=\"_blank\" rel=\"noopener noreferrer\">Submit a form.<\/a><\/div><\/details>\n<\/div><figure class=\"wp-block-media-text__media\"><img loading=\"lazy\" decoding=\"async\" width=\"724\" height=\"1024\" src=\"https:\/\/www.ludivinealcala.fr\/wp-content\/uploads\/2026\/01\/Jinvente-mon-histoire_avril26-724x1024.png\" alt=\"\" class=\"wp-image-340 size-full\" srcset=\"https:\/\/www.ludivinealcala.fr\/wp-content\/uploads\/2026\/01\/Jinvente-mon-histoire_avril26-724x1024.png 724w, https:\/\/www.ludivinealcala.fr\/wp-content\/uploads\/2026\/01\/Jinvente-mon-histoire_avril26-212x300.png 212w, https:\/\/www.ludivinealcala.fr\/wp-content\/uploads\/2026\/01\/Jinvente-mon-histoire_avril26-768x1086.png 768w, https:\/\/www.ludivinealcala.fr\/wp-content\/uploads\/2026\/01\/Jinvente-mon-histoire_avril26-1086x1536.png 1086w, https:\/\/www.ludivinealcala.fr\/wp-content\/uploads\/2026\/01\/Jinvente-mon-histoire_avril26-1448x2048.png 1448w, https:\/\/www.ludivinealcala.fr\/wp-content\/uploads\/2026\/01\/Jinvente-mon-histoire_avril26.png 1587w\" sizes=\"auto, (max-width: 724px) 100vw, 724px\" \/><\/figure><\/div>\n\n\n\n<hr class=\"wp-block-separator has-alpha-channel-opacity\"\/>\n\n\n\n<h2 class=\"wp-block-heading\">Ateliers hebdomadaires<\/h2>\n\n\n\n<figure class=\"wp-block-table has-medium-font-size\"><table class=\"has-contrast-color has-accent-5-background-color has-text-color has-background has-link-color has-fixed-layout\"><thead><tr><th class=\"has-text-align-left\" data-align=\"left\">Mercredi<\/th><th>Jeudi<\/th><th>Vendredi<\/th><\/tr><\/thead><tbody><tr><td class=\"has-text-align-left\" data-align=\"left\"><strong>9h15 \u00e0 10h30<\/strong><mark style=\"background-color:rgba(0, 0, 0, 0);color:#FFFFFF\" class=\"has-inline-color\"><br><\/mark><mark style=\"background-color:#b4ddf4;color:#111111\" class=\"has-inline-color\"><strong><a href=\"#theatreandersens\" data-type=\"internal\" data-id=\"#theatreandersens\">Th\u00e9\u00e2tre Andersen&#8217;s (complet)<br><\/a><\/strong><\/mark><sup><sub>CP-CE1<\/sub><\/sup><\/td><td><\/td><td><\/td><\/tr><tr><td class=\"has-text-align-left\" data-align=\"left\"><strong>10h30-12h<\/strong><br><strong><a href=\"#theatregrimms\" data-type=\"internal\" data-id=\"#theatregrimms\"><mark style=\"background-color:#e7c500\" class=\"has-inline-color\">Th\u00e9\u00e2tre Rocard&#8217;s (complet)<\/mark><\/a><\/strong><mark style=\"background-color:#9967a6\" class=\"has-inline-color\"><strong><a href=\"#theatregrimms\" data-type=\"internal\" data-id=\"#theatregrimms\"><br><\/a><\/strong><\/mark><sub>CE2 \u00e0 CM2<\/sub><\/td><td><\/td><td><\/td><\/tr><tr><td class=\"has-text-align-left\" data-align=\"left\"><strong>14h-15h30<\/strong><br><mark style=\"background-color:#9967a6\" class=\"has-inline-color\"><strong><a href=\"#theatregrimms\" data-type=\"internal\" data-id=\"#theatregrimms\">Th\u00e9\u00e2tre Grimm&#8217;s  (complet)<br><\/a><\/strong><\/mark><sub>CE2 \u00e0 CM2<\/sub><\/td><td><\/td><td><\/td><\/tr><tr><td class=\"has-text-align-left\" data-align=\"left\"><\/td><td><strong>17h \u00e0 18h15<br><mark style=\"background-color:#baffaf\" class=\"has-inline-color\"><a href=\"#JMH\" data-type=\"internal\" data-id=\"#JMH\">Ecriture &#8220;J&#8217;invente mon histoire&#8221;<br><\/a><\/mark><\/strong><sub>8-13 ans <\/sub><\/td><td><strong>17h15 \u00e0 18h45<\/strong><br><strong><mark style=\"background-color:#ffc0c0\" class=\"has-inline-color\"><a href=\"#theatresalon\" data-type=\"internal\" data-id=\"#theatresalon\">Th\u00e9\u00e2tre <\/a><\/mark><\/strong><code><br><\/code><sub>8-12 ans <br><\/sub><\/td><\/tr><\/tbody><tfoot><tr><td class=\"has-text-align-left\" data-align=\"left\">ALLEINS<\/td><td>SALON DE PROVENCE<\/td><td>SALON DE PROVENCE<\/td><\/tr><\/tfoot><\/table><\/figure>\n\n\n\n<div class=\"wp-block-columns alignwide is-layout-flex wp-container-core-columns-is-layout-d2da2050 wp-block-columns-is-layout-flex\" style=\"margin-bottom:0\">\n<div class=\"wp-block-column is-style-default has-custom-color-4-background-color has-text-color has-background has-link-color wp-elements-03e5e620c285f58bd7e34506957fa173 is-layout-flow wp-block-column-is-layout-flow\" style=\"color:#000000;padding-top:2em;padding-right:2em;padding-bottom:2em;padding-left:2em\" id=\"theatreandersens\">\n<h2 class=\"wp-block-heading\" id=\"single\" style=\"font-size:clamp(24.034px, 1.502rem + ((1vw - 3.2px) * 1.565), 40px);\"><strong><strong><strong>Th\u00e9\u00e2tre Andersen&#8217;s<\/strong><\/strong><\/strong><\/h2>\n\n\n\n<p class=\"has-normal-font-size\" style=\"line-height:1.5\"><strong><strong>CP-CE1<\/strong><\/strong><\/p>\n\n\n\n<p>BASTIDON d&#8217;ALLEINS<\/p>\n\n\n\n<details class=\"wp-block-details is-layout-flow wp-block-details-is-layout-flow\"><summary>Description<\/summary>\n<ul class=\"wp-block-list has-medium-font-size\">\n<li>Des jeux de coh\u00e9sion et de th\u00e9\u00e2tre en d\u00e9but d&#8217;ann\u00e9e<\/li>\n<\/ul>\n\n\n\n<ul class=\"wp-block-list has-medium-font-size\">\n<li>Apprentissage d&#8217;un texte ou cr\u00e9ation collective \u00e0 partir de janvier<\/li>\n<\/ul>\n\n\n\n<ul class=\"wp-block-list has-medium-font-size\">\n<li>Repr\u00e9sentation au festival de th\u00e9\u00e2tre A Corps et A Cris<\/li>\n<\/ul>\n<\/details>\n\n\n\n<hr class=\"wp-block-separator has-text-color has-css-opacity has-background is-style-wide is-style-wide--1\" style=\"background-color:#000000;color:#000000\"\/>\n\n\n\n<details class=\"wp-block-details is-layout-flow wp-block-details-is-layout-flow\"><summary>Pr\u00e9-inscription<\/summary>\n<div class=\"wp-block-buttons alignfull is-horizontal is-content-justification-center is-layout-flex wp-container-core-buttons-is-layout-03627597 wp-block-buttons-is-layout-flex\">\n<div class=\"wp-block-button has-custom-width wp-block-button__width-100\"><a class=\"wp-block-button__link has-white-color has-text-color has-background no-border-radius wp-element-button\" style=\"background-color:#000000\">175\u20ac + 20 \u20ac d&#8217;adh\u00e9sion<\/a><\/div>\n<\/div>\n\n\n<div class=\"wp-block-jetpack-contact-form\"><a href=\"https:\/\/www.ludivinealcala.fr\/index.php\/formulaires-de-pre-inscription\/\" target=\"_blank\" rel=\"noopener noreferrer\">Submit a form.<\/a><\/div><\/details>\n<\/div>\n\n\n\n<div class=\"wp-block-column has-custom-color-2-background-color has-text-color has-background has-link-color wp-elements-861f7d2cd28d7f6f53753665660c0d72 is-layout-flow wp-block-column-is-layout-flow\" style=\"color:#000000;padding-top:2em;padding-right:2em;padding-bottom:2em;padding-left:2em\" id=\"theatregrimms\">\n<h2 class=\"wp-block-heading\" id=\"single\" style=\"font-size:clamp(24.034px, 1.502rem + ((1vw - 3.2px) * 1.565), 40px);\"><strong><strong><strong><strong><strong>Th\u00e9\u00e2tre Rocard&#8217;s<\/strong><\/strong><\/strong><\/strong><\/strong><\/h2>\n\n\n\n<p class=\"has-normal-font-size\" style=\"line-height:1.5\"><strong><strong>CE2 \u00e0 CM2<\/strong><\/strong><\/p>\n\n\n\n<p>BASTIDON d&#8217;ALLEINS<\/p>\n\n\n\n<details class=\"wp-block-details is-layout-flow wp-block-details-is-layout-flow\"><summary>Description<\/summary>\n<ul class=\"wp-block-list has-medium-font-size\">\n<li>Des jeux de coh\u00e9sion et de th\u00e9\u00e2tre en d\u00e9but d&#8217;ann\u00e9e<\/li>\n\n\n\n<li>Apprentissage d&#8217;un texte ou cr\u00e9ation collective \u00e0 partir de janvier<\/li>\n\n\n\n<li>Repr\u00e9sentation au festival de th\u00e9\u00e2tre A Corps et A Cris<\/li>\n<\/ul>\n<\/details>\n\n\n\n<hr class=\"wp-block-separator has-text-color has-css-opacity has-background is-style-wide is-style-wide--2\" style=\"background-color:#000000;color:#000000\"\/>\n\n\n\n<details class=\"wp-block-details is-layout-flow wp-block-details-is-layout-flow\"><summary>Pr\u00e9-inscription<\/summary>\n<div class=\"wp-block-buttons alignfull is-horizontal is-content-justification-center is-layout-flex wp-container-core-buttons-is-layout-03627597 wp-block-buttons-is-layout-flex\">\n<div class=\"wp-block-button has-custom-width wp-block-button__width-100\"><a class=\"wp-block-button__link has-white-color has-text-color has-background no-border-radius wp-element-button\" style=\"background-color:#000000\">175\u20ac + 20 \u20ac d&#8217;adh\u00e9sion<\/a><\/div>\n<\/div>\n\n\n<div class=\"wp-block-jetpack-contact-form\"><a href=\"https:\/\/www.ludivinealcala.fr\/index.php\/formulaires-de-pre-inscription\/\" target=\"_blank\" rel=\"noopener noreferrer\">Submit a form.<\/a><\/div><\/details>\n<\/div>\n\n\n\n<div class=\"wp-block-column has-custom-color-7-background-color has-text-color has-background has-link-color wp-elements-7a5f3f951e4e77f9782125c1d525a397 is-layout-flow wp-block-column-is-layout-flow\" style=\"color:#000000;padding-top:2em;padding-right:2em;padding-bottom:2em;padding-left:2em\" id=\"theatregrimms\">\n<h2 class=\"wp-block-heading\" id=\"single\" style=\"font-size:clamp(24.034px, 1.502rem + ((1vw - 3.2px) * 1.565), 40px);\"><strong><strong><strong><strong><strong>Th\u00e9\u00e2tre Grimm&#8217;s<\/strong><\/strong><\/strong><\/strong><\/strong><\/h2>\n\n\n\n<p class=\"has-normal-font-size\" style=\"line-height:1.5\"><strong><strong>CE2 \u00e0 CM2<\/strong><\/strong><\/p>\n\n\n\n<p>BASTIDON d&#8217;ALLEINS<\/p>\n\n\n\n<details class=\"wp-block-details is-layout-flow wp-block-details-is-layout-flow\"><summary>Description<\/summary>\n<ul class=\"wp-block-list has-medium-font-size\">\n<li>Des jeux de coh\u00e9sion et de th\u00e9\u00e2tre en d\u00e9but d&#8217;ann\u00e9e<\/li>\n\n\n\n<li>Apprentissage d&#8217;un texte ou cr\u00e9ation collective \u00e0 partir de janvier<\/li>\n\n\n\n<li>Repr\u00e9sentation au festival de th\u00e9\u00e2tre A Corps et A Cris<\/li>\n<\/ul>\n<\/details>\n\n\n\n<hr class=\"wp-block-separator has-text-color has-css-opacity has-background is-style-wide is-style-wide--3\" style=\"background-color:#000000;color:#000000\"\/>\n\n\n\n<details class=\"wp-block-details is-layout-flow wp-block-details-is-layout-flow\"><summary>Pr\u00e9-inscription<\/summary>\n<div class=\"wp-block-buttons alignfull is-horizontal is-content-justification-center is-layout-flex wp-container-core-buttons-is-layout-03627597 wp-block-buttons-is-layout-flex\">\n<div class=\"wp-block-button has-custom-width wp-block-button__width-100\"><a class=\"wp-block-button__link has-white-color has-text-color has-background no-border-radius wp-element-button\" style=\"background-color:#000000\">175\u20ac + 20 \u20ac d&#8217;adh\u00e9sion<\/a><\/div>\n<\/div>\n\n\n<div class=\"wp-block-jetpack-contact-form\"><a href=\"https:\/\/www.ludivinealcala.fr\/index.php\/formulaires-de-pre-inscription\/\" target=\"_blank\" rel=\"noopener noreferrer\">Submit a form.<\/a><\/div><\/details>\n<\/div>\n<\/div>\n\n\n\n<div class=\"wp-block-columns alignwide is-layout-flex wp-container-core-columns-is-layout-d2da2050 wp-block-columns-is-layout-flex\" style=\"margin-bottom:0\">\n<div class=\"wp-block-column is-layout-flow wp-block-column-is-layout-flow\"><\/div>\n\n\n\n<div class=\"wp-block-column has-custom-color-5-background-color has-text-color has-background has-link-color wp-elements-d4c81c449b89fd304e694cfa6b0f874e is-layout-flow wp-block-column-is-layout-flow\" style=\"color:#000000;padding-top:2em;padding-right:2em;padding-bottom:2em;padding-left:2em\" id=\"JMH\">\n<h2 class=\"wp-block-heading\" id=\"single\" style=\"font-size:clamp(24.034px, 1.502rem + ((1vw - 3.2px) * 1.565), 40px);\"><strong>Ecriture &#8220;J&#8217;invente mon histoire&#8221;<\/strong><\/h2>\n\n\n\n<p class=\"has-normal-font-size\" style=\"line-height:1.5\"><strong>8-13 ans<\/strong><\/p>\n\n\n\n<p>MJC SALON<\/p>\n\n\n\n<details class=\"wp-block-details has-large-font-size is-layout-flow wp-block-details-is-layout-flow\"><summary>Description<\/summary>\n<p class=\"has-medium-font-size\"><em>Tu aimes raconter des histoires? Ecris une nouvelle, un recueil de po\u00e9sie, une BD&#8230; pour la retrouver dans un v\u00e9ritable livre broch\u00e9 !<\/em><\/p>\n\n\n\n<ul class=\"wp-block-list\">\n<li class=\"has-medium-font-size\">Livre imprim\u00e9 et mis en page comme les pros !<\/li>\n\n\n\n<li class=\"has-medium-font-size\">Une histoire in\u00e9dite de Ludivine incluse<\/li>\n\n\n\n<li class=\"has-medium-font-size\">Lecture publique en fin d&#8217;ann\u00e9e<\/li>\n\n\n\n<li class=\"has-medium-font-size\">Ouvert aux auteurs et illustrateurs en herbe<\/li>\n<\/ul>\n<\/details>\n\n\n\n<hr class=\"wp-block-separator has-text-color has-css-opacity has-background is-style-wide is-style-wide--4\" style=\"background-color:#000000;color:#000000\"\/>\n\n\n\n<details class=\"wp-block-details is-layout-flow wp-block-details-is-layout-flow\"><summary>Pr\u00e9-inscription<\/summary>\n<div class=\"wp-block-buttons alignfull is-horizontal is-content-justification-center is-layout-flex wp-container-core-buttons-is-layout-03627597 wp-block-buttons-is-layout-flex\">\n<div class=\"wp-block-button has-custom-width wp-block-button__width-100\"><a class=\"wp-block-button__link has-white-color has-text-color has-background no-border-radius wp-element-button\" style=\"background-color:#000000\">240\u20ac + 12\u20ac d&#8217;adh\u00e9sion<\/a><\/div>\n<\/div>\n\n\n<div class=\"wp-block-jetpack-contact-form\"><a href=\"https:\/\/www.ludivinealcala.fr\/index.php\/formulaires-de-pre-inscription\/\" target=\"_blank\" rel=\"noopener noreferrer\">Submit a form.<\/a><\/div><\/details>\n<\/div>\n\n\n\n<div class=\"wp-block-column has-custom-color-6-background-color has-text-color has-background has-link-color wp-elements-5ee9caafbc55625d1c67bdba87d8fad6 is-layout-flow wp-block-column-is-layout-flow\" style=\"color:#000000;padding-top:2em;padding-right:2em;padding-bottom:2em;padding-left:2em\" id=\"theatresalon\">\n<h2 class=\"wp-block-heading\" id=\"single\" style=\"font-size:clamp(24.034px, 1.502rem + ((1vw - 3.2px) * 1.565), 40px);\"><strong><strong><strong>Th\u00e9\u00e2tre Salon  <\/strong><\/strong><\/strong><\/h2>\n\n\n\n<p class=\"has-normal-font-size\" style=\"line-height:1.5\"><strong><strong>9 &#8211; 13 ans<\/strong><\/strong><\/p>\n\n\n\n<p>MJC SALON<\/p>\n\n\n\n<details class=\"wp-block-details is-layout-flow wp-block-details-is-layout-flow\"><summary>Description<\/summary>\n<ul class=\"wp-block-list has-medium-font-size\">\n<li>Des jeux de coh\u00e9sion et de th\u00e9\u00e2tre en d\u00e9but d&#8217;ann\u00e9e<\/li>\n<\/ul>\n\n\n\n<ul class=\"wp-block-list has-medium-font-size\">\n<li>Apprentissage d&#8217;un texte ou cr\u00e9ation collective \u00e0 partir de janvier<\/li>\n<\/ul>\n\n\n\n<ul class=\"wp-block-list has-medium-font-size\">\n<li>Repr\u00e9sentation \u00e0 l&#8217;auditorium en fin d&#8217;ann\u00e9e<\/li>\n<\/ul>\n<\/details>\n\n\n\n<hr class=\"wp-block-separator has-text-color has-css-opacity has-background is-style-wide is-style-wide--5\" style=\"background-color:#000000;color:#000000\"\/>\n\n\n\n<details class=\"wp-block-details is-layout-flow wp-block-details-is-layout-flow\"><summary>Pr\u00e9-inscription<\/summary>\n<div class=\"wp-block-buttons alignfull is-horizontal is-content-justification-center is-layout-flex wp-container-core-buttons-is-layout-03627597 wp-block-buttons-is-layout-flex\">\n<div class=\"wp-block-button has-custom-width wp-block-button__width-100\"><a class=\"wp-block-button__link has-white-color has-text-color has-background no-border-radius wp-element-button\" style=\"background-color:#000000\">225\u20ac + 12 \u20ac d&#8217;adh\u00e9sion<\/a><\/div>\n<\/div>\n\n\n<div class=\"wp-block-jetpack-contact-form\"><a href=\"https:\/\/www.ludivinealcala.fr\/index.php\/formulaires-de-pre-inscription\/\" target=\"_blank\" rel=\"noopener noreferrer\">Submit a form.<\/a><\/div><\/details>\n<\/div>\n<\/div>\n\n\n\n<div class=\"wp-block-group has-global-padding is-layout-constrained wp-block-group-is-layout-constrained\"><\/div>\n\n\n\n<p>Plus d&#8217;informations sur les structures : <\/p>\n\n\n\n<div class=\"wp-block-group is-nowrap is-layout-flex wp-container-core-group-is-layout-6c531013 wp-block-group-is-layout-flex\">\n<figure class=\"wp-block-image size-full is-resized\"><img loading=\"lazy\" decoding=\"async\" width=\"474\" height=\"474\" src=\"https:\/\/www.ludivinealcala.fr\/wp-content\/uploads\/2025\/08\/acc.jpg\" alt=\"\" class=\"wp-image-293\" style=\"width:62px;height:auto\" srcset=\"https:\/\/www.ludivinealcala.fr\/wp-content\/uploads\/2025\/08\/acc.jpg 474w, https:\/\/www.ludivinealcala.fr\/wp-content\/uploads\/2025\/08\/acc-300x300.jpg 300w, https:\/\/www.ludivinealcala.fr\/wp-content\/uploads\/2025\/08\/acc-150x150.jpg 150w\" sizes=\"auto, (max-width: 474px) 100vw, 474px\" \/><\/figure>\n\n\n\n<p><a href=\"https:\/\/www.facebook.com\/acorps.acris\/\" data-type=\"link\" data-id=\"https:\/\/www.facebook.com\/acorps.acris\/\" target=\"_blank\" rel=\"noreferrer noopener\">Facebook A Corps et A cris<\/a> (Alleins)<\/p>\n<\/div>\n\n\n\n<div class=\"wp-block-group is-nowrap is-layout-flex wp-container-core-group-is-layout-6c531013 wp-block-group-is-layout-flex\">\n<figure class=\"wp-block-image size-full is-resized\"><img loading=\"lazy\" decoding=\"async\" width=\"474\" height=\"474\" src=\"https:\/\/www.ludivinealcala.fr\/wp-content\/uploads\/2025\/08\/logo_mjc.jpg\" alt=\"\" class=\"wp-image-292\" style=\"width:62px;height:auto\" srcset=\"https:\/\/www.ludivinealcala.fr\/wp-content\/uploads\/2025\/08\/logo_mjc.jpg 474w, https:\/\/www.ludivinealcala.fr\/wp-content\/uploads\/2025\/08\/logo_mjc-300x300.jpg 300w, https:\/\/www.ludivinealcala.fr\/wp-content\/uploads\/2025\/08\/logo_mjc-150x150.jpg 150w\" sizes=\"auto, (max-width: 474px) 100vw, 474px\" \/><\/figure>\n\n\n\n<p><a href=\"https:\/\/www.mjcsalon.com\/pages\/activites\/theatre-musique-expression.html\" data-type=\"link\" data-id=\"https:\/\/www.mjcsalon.com\/pages\/activites\/theatre-musique-expression.html\" target=\"_blank\" rel=\"noreferrer noopener\">MJC Salon de Provence<br><\/a><\/p>\n<\/div>\n\n\n\n<div class=\"wp-block-group is-vertical is-content-justification-center is-layout-flex wp-container-core-group-is-layout-ce155fab wp-block-group-is-layout-flex\">\n<details class=\"wp-block-details is-layout-flow wp-block-details-is-layout-flow\"><summary>Donner son avis sur les ateliers et les stages<\/summary>\n<p><\/p>\n\n\n<div class=\"wp-block-jetpack-contact-form\"><a href=\"https:\/\/www.ludivinealcala.fr\/index.php\/formulaires-de-pre-inscription\/\" target=\"_blank\" rel=\"noopener noreferrer\">Submit a form.<\/a><\/div><\/details>\n<\/div>\n\n\n\n<p><\/p>\n","protected":false},"excerpt":{"rendered":"<p>Stages Ateliers hebdomadaires Mercredi Jeudi Vendredi 9h15 \u00e0 10h30Th\u00e9\u00e2tre Andersen&#8217;s (complet)CP-CE1 10h30-12hTh\u00e9\u00e2tre Rocard&#8217;s (complet)CE2 \u00e0 CM2 14h-15h30Th\u00e9\u00e2tre Grimm&#8217;s (complet)CE2 \u00e0 CM2 17h \u00e0 18h15Ecriture &#8220;J&#8217;invente mon histoire&#8221;8-13 ans 17h15 \u00e0 18h45Th\u00e9\u00e2tre 8-12 ans ALLEINS SALON DE PROVENCE SALON DE PROVENCE Th\u00e9\u00e2tre Andersen&#8217;s CP-CE1 BASTIDON d&#8217;ALLEINS Th\u00e9\u00e2tre Rocard&#8217;s CE2 \u00e0 CM2 BASTIDON d&#8217;ALLEINS Th\u00e9\u00e2tre Grimm&#8217;s CE2 [&hellip;]<\/p>\n","protected":false},"author":1,"featured_media":0,"parent":0,"menu_order":0,"comment_status":"closed","ping_status":"closed","template":"","meta":{"footnotes":""},"class_list":["post-208","page","type-page","status-publish","hentry"],"jetpack_sharing_enabled":true,"_links":{"self":[{"href":"https:\/\/www.ludivinealcala.fr\/index.php\/wp-json\/wp\/v2\/pages\/208","targetHints":{"allow":["GET"]}}],"collection":[{"href":"https:\/\/www.ludivinealcala.fr\/index.php\/wp-json\/wp\/v2\/pages"}],"about":[{"href":"https:\/\/www.ludivinealcala.fr\/index.php\/wp-json\/wp\/v2\/types\/page"}],"author":[{"embeddable":true,"href":"https:\/\/www.ludivinealcala.fr\/index.php\/wp-json\/wp\/v2\/users\/1"}],"replies":[{"embeddable":true,"href":"https:\/\/www.ludivinealcala.fr\/index.php\/wp-json\/wp\/v2\/comments?post=208"}],"version-history":[{"count":53,"href":"https:\/\/www.ludivinealcala.fr\/index.php\/wp-json\/wp\/v2\/pages\/208\/revisions"}],"predecessor-version":[{"id":342,"href":"https:\/\/www.ludivinealcala.fr\/index.php\/wp-json\/wp\/v2\/pages\/208\/revisions\/342"}],"wp:attachment":[{"href":"https:\/\/www.ludivinealcala.fr\/index.php\/wp-json\/wp\/v2\/media?parent=208"}],"curies":[{"name":"wp","href":"https:\/\/api.w.org\/{rel}","templated":true}]}}