{"id":23,"date":"2025-08-11T15:09:35","date_gmt":"2025-08-11T15:09:35","guid":{"rendered":"http:\/\/ludivih.cluster100.hosting.ovh.net\/?page_id=23"},"modified":"2025-08-20T14:53:43","modified_gmt":"2025-08-20T14:53:43","slug":"livres-publies","status":"publish","type":"page","link":"https:\/\/www.ludivinealcala.fr\/index.php\/livres-publies\/","title":{"rendered":"Livres publi\u00e9s"},"content":{"rendered":"\n<div class=\"wp-block-group alignfull has-global-padding is-layout-constrained wp-block-group-is-layout-constrained\" style=\"margin-top:0;margin-bottom:0\">\n<div class=\"wp-block-columns alignfull is-layout-flex wp-container-core-columns-is-layout-9c22b1e3 wp-block-columns-is-layout-flex\">\n<div class=\"wp-block-column is-layout-flow wp-block-column-is-layout-flow\" style=\"flex-basis:55%\">\n<div style=\"aspect-ratio:1;min-height:unset;\" class=\"wp-block-cover is-light has-aspect-ratio\"><img loading=\"lazy\" decoding=\"async\" width=\"2542\" height=\"2542\" class=\"wp-block-cover__image-background wp-image-102 size-full\" alt=\"\" src=\"http:\/\/ludivinealcala.fr\/wp-content\/uploads\/2025\/08\/LAP_couv_sanslogo-1.jpg\" data-object-fit=\"cover\" srcset=\"https:\/\/www.ludivinealcala.fr\/wp-content\/uploads\/2025\/08\/LAP_couv_sanslogo-1.jpg 2542w, https:\/\/www.ludivinealcala.fr\/wp-content\/uploads\/2025\/08\/LAP_couv_sanslogo-1-300x300.jpg 300w, https:\/\/www.ludivinealcala.fr\/wp-content\/uploads\/2025\/08\/LAP_couv_sanslogo-1-1024x1024.jpg 1024w, https:\/\/www.ludivinealcala.fr\/wp-content\/uploads\/2025\/08\/LAP_couv_sanslogo-1-150x150.jpg 150w, https:\/\/www.ludivinealcala.fr\/wp-content\/uploads\/2025\/08\/LAP_couv_sanslogo-1-768x768.jpg 768w, https:\/\/www.ludivinealcala.fr\/wp-content\/uploads\/2025\/08\/LAP_couv_sanslogo-1-1536x1536.jpg 1536w, https:\/\/www.ludivinealcala.fr\/wp-content\/uploads\/2025\/08\/LAP_couv_sanslogo-1-2048x2048.jpg 2048w\" sizes=\"auto, (max-width: 2542px) 100vw, 2542px\" \/><span aria-hidden=\"true\" class=\"wp-block-cover__background has-background-dim-0 has-background-dim\" style=\"background-color:#8ea4a1\"><\/span><div class=\"wp-block-cover__inner-container is-layout-flow wp-block-cover-is-layout-flow\">\n<div style=\"height:var(--wp--preset--spacing--20)\" aria-hidden=\"true\" class=\"wp-block-spacer\"><\/div>\n<\/div><\/div>\n<\/div>\n\n\n\n<div class=\"wp-block-column is-vertically-aligned-center is-layout-flow wp-block-column-is-layout-flow\" style=\"padding-top:var(--wp--preset--spacing--60);padding-right:var(--wp--preset--spacing--60);padding-bottom:var(--wp--preset--spacing--60);padding-left:var(--wp--preset--spacing--60)\">\n<h2 class=\"wp-block-heading has-xx-large-font-size\">La tarte au piment<\/h2>\n\n\n\n<p>Illustr\u00e9 par Outreciel<\/p>\n\n\n\n<p class=\"is-style-text-annotation is-style-text-annotation--1\">isbn : 9791069976627<\/p>\n\n\n\n<p class=\"has-medium-font-size\">Tout juste adopt\u00e9 par Stella, Drago ne trouve pas sa place, il refuse m\u00eame de manger. La petite fille&nbsp;va devoir&nbsp;faire preuve de cr\u00e9ativit\u00e9 pour trouver la bonne recette.&nbsp;<br>La tarte au piment sera ce qui les r\u00e9unira&nbsp;mais aussi ce qui donnera envie \u00e0 Drago de <strong>s&#8217;\u00e9manciper<\/strong>&#8230;&nbsp;<\/p>\n\n\n\n<p class=\"has-medium-font-size\">Bient\u00f4t disponible en ligne<\/p>\n<\/div>\n<\/div>\n<\/div>\n\n\n\n<hr class=\"wp-block-separator has-alpha-channel-opacity\" style=\"margin-top:var(--wp--preset--spacing--40);margin-bottom:var(--wp--preset--spacing--40)\"\/>\n\n\n\n<figure class=\"wp-block-image size-large\"><img loading=\"lazy\" decoding=\"async\" width=\"1024\" height=\"355\" src=\"http:\/\/ludivinealcala.fr\/wp-content\/uploads\/2025\/08\/Trio_LTP-1024x355.png\" alt=\"\" class=\"wp-image-109\" srcset=\"https:\/\/www.ludivinealcala.fr\/wp-content\/uploads\/2025\/08\/Trio_LTP-1024x355.png 1024w, https:\/\/www.ludivinealcala.fr\/wp-content\/uploads\/2025\/08\/Trio_LTP-300x104.png 300w, https:\/\/www.ludivinealcala.fr\/wp-content\/uploads\/2025\/08\/Trio_LTP-768x267.png 768w, https:\/\/www.ludivinealcala.fr\/wp-content\/uploads\/2025\/08\/Trio_LTP-1536x533.png 1536w, https:\/\/www.ludivinealcala.fr\/wp-content\/uploads\/2025\/08\/Trio_LTP.png 1974w\" sizes=\"auto, (max-width: 1024px) 100vw, 1024px\" \/><\/figure>\n\n\n\n<h2 class=\"wp-block-heading has-text-align-center\">La trilogie sur deux personnages diff\u00e9rents et tellement attachants !<\/h2>\n\n\n\n<div class=\"wp-block-group alignfull has-global-padding is-layout-constrained wp-container-core-group-is-layout-54af5b55 wp-block-group-is-layout-constrained\" style=\"margin-top:0;margin-bottom:0;padding-top:var(--wp--preset--spacing--60);padding-bottom:var(--wp--preset--spacing--60)\">\n<div class=\"wp-block-buttons alignwide has-custom-font-size has-medium-font-size is-content-justification-center is-layout-flex wp-container-core-buttons-is-layout-c124d1c4 wp-block-buttons-is-layout-flex\">\n<div class=\"wp-block-button\"><a class=\"wp-block-button__link wp-element-button\">Les \u00e9ditions kabotines<\/a><\/div>\n\n\n\n<div class=\"wp-block-button\"><a class=\"wp-block-button__link wp-element-button\">Commander<\/a><\/div>\n\n\n\n<div class=\"wp-block-button\"><a class=\"wp-block-button__link wp-element-button\">Facebook<\/a><\/div>\n\n\n\n<div class=\"wp-block-button\"><a class=\"wp-block-button__link wp-element-button\">Instagram<\/a><\/div>\n\n\n\n<div class=\"wp-block-button\"><a class=\"wp-block-button__link wp-element-button\">Spotify<\/a><\/div>\n<\/div>\n\n\n\n<p class=\"has-text-align-center has-medium-font-size\">Commandes possibles \u00e0 l&#8217;international<\/p>\n\n\n\n<hr class=\"wp-block-separator has-alpha-channel-opacity\" style=\"margin-top:var(--wp--preset--spacing--40);margin-bottom:var(--wp--preset--spacing--40)\"\/>\n<\/div>\n\n\n\n<div class=\"wp-block-group alignfull has-global-padding is-layout-constrained wp-block-group-is-layout-constrained\" style=\"margin-top:0;margin-bottom:0;padding-top:var(--wp--preset--spacing--50);padding-bottom:var(--wp--preset--spacing--50)\">\n<div class=\"wp-block-columns alignwide is-layout-flex wp-container-core-columns-is-layout-fa584acd wp-block-columns-is-layout-flex\">\n<div class=\"wp-block-column is-vertically-aligned-center is-layout-flow wp-block-column-is-layout-flow\">\n<h2 class=\"wp-block-heading has-xx-large-font-size\">Le c\u0153ur en tambour<\/h2>\n\n\n\n<p>Illustr\u00e9 par Outreciel<\/p>\n\n\n\n<p class=\"is-style-text-annotation is-style-text-annotation--2\">&nbsp;isbn : 9782958537401<\/p>\n\n\n\n<p class=\"has-medium-font-size\">Drago a la patte cass\u00e9e et ne peut emmener Stella au pays Acidul\u00e9. Pour y parvenir, elle va r\u00e9parer, jour apr\u00e8s jour, une montgolfi\u00e8re.&nbsp;<strong>La jalousie&nbsp;<\/strong>de Drago vis \u00e0 vis de cet engin volant va s&#8217;amplifier au fil du temps : la &#8220;gonfli\u00e8re&#8221; prendra-t-elle la place de Drago dans le coeur de Stella?<\/p>\n<\/div>\n\n\n\n<div class=\"wp-block-column is-vertically-aligned-center is-layout-flow wp-block-column-is-layout-flow\">\n<figure class=\"wp-block-image size-full\"><img loading=\"lazy\" decoding=\"async\" width=\"724\" height=\"724\" src=\"http:\/\/ludivinealcala.fr\/wp-content\/uploads\/2025\/08\/LCT_Covermini.png\" alt=\"\" class=\"wp-image-189\" srcset=\"https:\/\/www.ludivinealcala.fr\/wp-content\/uploads\/2025\/08\/LCT_Covermini.png 724w, https:\/\/www.ludivinealcala.fr\/wp-content\/uploads\/2025\/08\/LCT_Covermini-300x300.png 300w, https:\/\/www.ludivinealcala.fr\/wp-content\/uploads\/2025\/08\/LCT_Covermini-150x150.png 150w\" sizes=\"auto, (max-width: 724px) 100vw, 724px\" \/><\/figure>\n<\/div>\n<\/div>\n<\/div>\n\n\n\n<p><\/p>\n\n\n\n<div class=\"wp-block-group alignfull has-global-padding is-layout-constrained wp-block-group-is-layout-constrained\" style=\"margin-top:0;margin-bottom:0;padding-top:var(--wp--preset--spacing--50);padding-bottom:var(--wp--preset--spacing--50)\">\n<div class=\"wp-block-columns alignwide is-layout-flex wp-container-core-columns-is-layout-fa584acd wp-block-columns-is-layout-flex\">\n<div class=\"wp-block-column is-vertically-aligned-center is-layout-flow wp-block-column-is-layout-flow\">\n<figure class=\"wp-block-image size-full\"><img loading=\"lazy\" decoding=\"async\" width=\"1654\" height=\"1654\" src=\"http:\/\/ludivinealcala.fr\/wp-content\/uploads\/2025\/08\/CouvertureBDS_miniQ.jpg\" alt=\"\" class=\"wp-image-106\" style=\"aspect-ratio:1;object-fit:cover\" srcset=\"https:\/\/www.ludivinealcala.fr\/wp-content\/uploads\/2025\/08\/CouvertureBDS_miniQ.jpg 1654w, https:\/\/www.ludivinealcala.fr\/wp-content\/uploads\/2025\/08\/CouvertureBDS_miniQ-300x300.jpg 300w, https:\/\/www.ludivinealcala.fr\/wp-content\/uploads\/2025\/08\/CouvertureBDS_miniQ-1024x1024.jpg 1024w, https:\/\/www.ludivinealcala.fr\/wp-content\/uploads\/2025\/08\/CouvertureBDS_miniQ-150x150.jpg 150w, https:\/\/www.ludivinealcala.fr\/wp-content\/uploads\/2025\/08\/CouvertureBDS_miniQ-768x768.jpg 768w, https:\/\/www.ludivinealcala.fr\/wp-content\/uploads\/2025\/08\/CouvertureBDS_miniQ-1536x1536.jpg 1536w\" sizes=\"auto, (max-width: 1654px) 100vw, 1654px\" \/><\/figure>\n<\/div>\n\n\n\n<div class=\"wp-block-column is-vertically-aligned-center is-layout-flow wp-block-column-is-layout-flow\">\n<h2 class=\"wp-block-heading has-xx-large-font-size\">Le bal des saveurs<\/h2>\n\n\n\n<p>Illustr\u00e9 par Outreciel<\/p>\n\n\n\n<p class=\"is-style-text-annotation is-style-text-annotation--3\">&nbsp;isbn : 9782958537418<\/p>\n\n\n\n<p class=\"has-medium-font-size\">&nbsp;Au bal des saveurs, Drago et Stella sont pour la premi\u00e8re fois&nbsp;<strong>s\u00e9par\u00e9s<\/strong>. Comment Drago, sensible \u00e0 tout cet environnement nouveau, va-t-il g\u00e9rer ses propres \u00e9motions?&nbsp;<\/p>\n<\/div>\n<\/div>\n\n\n\n<div style=\"height:100px\" aria-hidden=\"true\" class=\"wp-block-spacer\"><\/div>\n\n\n\n<div class=\"wp-block-columns alignwide is-layout-flex wp-container-core-columns-is-layout-fa584acd wp-block-columns-is-layout-flex\">\n<div class=\"wp-block-column is-vertically-aligned-center is-layout-flow wp-block-column-is-layout-flow\">\n<figure class=\"wp-block-image size-full\"><img loading=\"lazy\" decoding=\"async\" width=\"1821\" height=\"2560\" src=\"http:\/\/ludivinealcala.fr\/wp-content\/uploads\/2025\/08\/couverture_le_vaillant_recto-scaled.jpg\" alt=\"\" class=\"wp-image-107\" style=\"aspect-ratio:1;object-fit:contain\" srcset=\"https:\/\/www.ludivinealcala.fr\/wp-content\/uploads\/2025\/08\/couverture_le_vaillant_recto-scaled.jpg 1821w, https:\/\/www.ludivinealcala.fr\/wp-content\/uploads\/2025\/08\/couverture_le_vaillant_recto-213x300.jpg 213w, https:\/\/www.ludivinealcala.fr\/wp-content\/uploads\/2025\/08\/couverture_le_vaillant_recto-728x1024.jpg 728w, https:\/\/www.ludivinealcala.fr\/wp-content\/uploads\/2025\/08\/couverture_le_vaillant_recto-768x1080.jpg 768w, https:\/\/www.ludivinealcala.fr\/wp-content\/uploads\/2025\/08\/couverture_le_vaillant_recto-1093x1536.jpg 1093w, https:\/\/www.ludivinealcala.fr\/wp-content\/uploads\/2025\/08\/couverture_le_vaillant_recto-1457x2048.jpg 1457w\" sizes=\"auto, (max-width: 1821px) 100vw, 1821px\" \/><\/figure>\n<\/div>\n\n\n\n<div class=\"wp-block-column is-vertically-aligned-center is-layout-flow wp-block-column-is-layout-flow\">\n<h2 class=\"wp-block-heading has-xx-large-font-size\">Le vaillant, sans capitaine \u00e0 bord<\/h2>\n\n\n\n<p>Illustr\u00e9 par Maxime Gosselin<\/p>\n\n\n\n<p class=\"is-style-text-annotation is-style-text-annotation--4\">&nbsp;isbn : 9782958537418<\/p>\n\n\n\n<p class=\"has-medium-font-size\">&nbsp;Tatam \u00e9tait un capitaine dur, grand et costaud. Mais un jour, il rencontra un nouvel amour et abandonna son \u00e9quipage. Qui allait prendre la place de capitaine? Chacun se mit \u00e0 causer haut et FORT&#8230; Mais chez les pirates comme ailleurs, ce n&#8217;est pas toujours le plus aguerri qui gagne \u00e0 \u00eatre le chef&#8230;<\/p>\n\n\n\n<p class=\"has-medium-font-size\">INCLUS : un lexique pour d\u00e9couvrir le vocabulaire pirate.<\/p>\n\n\n\n<div class=\"wp-block-buttons is-layout-flex wp-block-buttons-is-layout-flex\">\n<div class=\"wp-block-button\"><a class=\"wp-block-button__link wp-element-button\" href=\"https:\/\/www.fnac.com\/a17574388\/Ludivine-Alcala-Le-Vaillant\">FNAC<\/a><\/div>\n\n\n\n<div class=\"wp-block-button\"><a class=\"wp-block-button__link wp-element-button\" href=\"https:\/\/www.amazon.fr\/Vaillant-Sans-capitaine-%C3%A0-bord\/dp\/2322459127\">Amazon<\/a><\/div>\n\n\n\n<div class=\"wp-block-button\"><a class=\"wp-block-button__link wp-element-button\" href=\"https:\/\/www.cultura.com\/p-le-vaillant-sans-capitaine-a-bord-illustrations-couleur-9782322459124.html\">Cultura<\/a><\/div>\n<\/div>\n<\/div>\n<\/div>\n\n\n\n<div style=\"height:100px\" aria-hidden=\"true\" class=\"wp-block-spacer\"><\/div>\n\n\n\n<div class=\"wp-block-columns alignwide is-layout-flex wp-container-core-columns-is-layout-fa584acd wp-block-columns-is-layout-flex\">\n<div class=\"wp-block-column is-vertically-aligned-center is-layout-flow wp-block-column-is-layout-flow\">\n<figure class=\"wp-block-image size-full\"><img loading=\"lazy\" decoding=\"async\" width=\"1746\" height=\"2560\" src=\"http:\/\/ludivinealcala.fr\/wp-content\/uploads\/2025\/08\/1eredecouv_LAP_theatre-scaled.png\" alt=\"\" class=\"wp-image-186\" style=\"aspect-ratio:1;object-fit:contain\" srcset=\"https:\/\/www.ludivinealcala.fr\/wp-content\/uploads\/2025\/08\/1eredecouv_LAP_theatre-scaled.png 1746w, https:\/\/www.ludivinealcala.fr\/wp-content\/uploads\/2025\/08\/1eredecouv_LAP_theatre-205x300.png 205w, https:\/\/www.ludivinealcala.fr\/wp-content\/uploads\/2025\/08\/1eredecouv_LAP_theatre-698x1024.png 698w, https:\/\/www.ludivinealcala.fr\/wp-content\/uploads\/2025\/08\/1eredecouv_LAP_theatre-768x1126.png 768w, https:\/\/www.ludivinealcala.fr\/wp-content\/uploads\/2025\/08\/1eredecouv_LAP_theatre-1048x1536.png 1048w, https:\/\/www.ludivinealcala.fr\/wp-content\/uploads\/2025\/08\/1eredecouv_LAP_theatre-1397x2048.png 1397w\" sizes=\"auto, (max-width: 1746px) 100vw, 1746px\" \/><\/figure>\n<\/div>\n\n\n\n<div class=\"wp-block-column is-vertically-aligned-center is-layout-flow wp-block-column-is-layout-flow\">\n<h2 class=\"wp-block-heading has-xx-large-font-size\">La tarte au piment, th\u00e9\u00e2tre<\/h2>\n\n\n\n<p class=\"is-style-text-annotation is-style-text-annotation--5\">\u00a0isbn : 2322405744<\/p>\n\n\n\n<p class=\"has-medium-font-size\">Drago est un jeune dragon apprivois\u00e9 par Stella qui lui sert de la tarte au piment tous les jours. Mais Drago grandit et souhaite d\u00e9couvrir d&#8217;autres choses, sous le regard inquiet de Stella&#8230; Une pi\u00e8ce courte et po\u00e9tique sur le laisser grandir.<\/p>\n\n\n\n<p class=\"has-medium-font-size\">INCLUS : Quelques id\u00e9es pour mettre en sc\u00e8ne \u00e0 la maison ou \u00e0 l&#8217;\u00e9cole<\/p>\n\n\n\n<div class=\"wp-block-buttons is-layout-flex wp-block-buttons-is-layout-flex\">\n<div class=\"wp-block-button\"><a class=\"wp-block-button__link wp-element-button\" href=\"https:\/\/www.fnac.com\/a16669918\/Ludivine-Alcala-La-tarte-au-piment\">FNAC<\/a><\/div>\n\n\n\n<div class=\"wp-block-button\"><a class=\"wp-block-button__link wp-element-button\" href=\"https:\/\/www.amazon.fr\/tarte-au-piment-th%C3%A9%C3%A2tre\/dp\/2322405744\">Amazon<\/a><\/div>\n\n\n\n<div class=\"wp-block-button\"><a class=\"wp-block-button__link wp-element-button\" href=\"https:\/\/www.cultura.com\/p-la-tarte-au-piment-9782322405749.html\">Cultura<\/a><\/div>\n<\/div>\n<\/div>\n<\/div>\n<\/div>\n\n\n\n<div class=\"wp-block-group alignfull has-global-padding is-layout-constrained wp-block-group-is-layout-constrained\" style=\"margin-top:0;margin-bottom:0\">\n<div class=\"wp-block-group alignwide is-layout-flow wp-container-core-group-is-layout-d58a0413 wp-block-group-is-layout-flow\" style=\"padding-top:var(--wp--preset--spacing--50);padding-bottom:var(--wp--preset--spacing--50)\">\n<h2 class=\"wp-block-heading has-x-large-font-size\">Questions fr\u00e9quentes<\/h2>\n\n\n\n<div class=\"wp-block-columns is-layout-flex wp-container-core-columns-is-layout-cbe57604 wp-block-columns-is-layout-flex\">\n<div class=\"wp-block-column is-layout-flow wp-block-column-is-layout-flow\">\n<div class=\"wp-block-group is-layout-flow wp-block-group-is-layout-flow\" style=\"border-top-color:var(--wp--preset--color--accent-6);border-top-width:1px;padding-top:var(--wp--preset--spacing--30);padding-bottom:var(--wp--preset--spacing--30)\">\n<h3 class=\"wp-block-heading\">Peut-on avoir une d\u00e9dicace?<\/h3>\n\n\n\n<p>Bien s\u00fbr, il suffit de commander directement sur Leseditionskabotines.fr en pr\u00e9cisant votre demande. <\/p>\n<\/div>\n<\/div>\n\n\n\n<div class=\"wp-block-column is-layout-flow wp-block-column-is-layout-flow\">\n<div class=\"wp-block-group is-layout-flow wp-block-group-is-layout-flow\" style=\"border-top-color:var(--wp--preset--color--accent-6);border-top-width:1px;padding-top:var(--wp--preset--spacing--30);padding-bottom:var(--wp--preset--spacing--30)\">\n<h3 class=\"wp-block-heading\">Trouve-t-on vos livres en magasin? <\/h3>\n\n\n\n<p>La liste des points de ventes sera bient\u00f4t disponible ici. <\/p>\n<\/div>\n<\/div>\n<\/div>\n\n\n\n<div class=\"wp-block-columns is-layout-flex wp-container-core-columns-is-layout-cbe57604 wp-block-columns-is-layout-flex\"><\/div>\n<\/div>\n<\/div>\n\n\n\n<aside class=\"wp-block-group alignfull is-style-section-3 has-global-padding is-layout-constrained wp-container-core-group-is-layout-f0f2a97b wp-block-group-is-layout-constrained is-style-section-3--6\" style=\"margin-top:0;margin-bottom:0;padding-top:var(--wp--preset--spacing--50);padding-right:var(--wp--preset--spacing--50);padding-bottom:var(--wp--preset--spacing--50);padding-left:var(--wp--preset--spacing--50)\">\n<div class=\"wp-block-group is-vertical is-content-justification-center is-layout-flex wp-container-core-group-is-layout-8778ca4a wp-block-group-is-layout-flex\" style=\"min-height:360px;margin-top:0;margin-bottom:0\">\n<h2 class=\"wp-block-heading has-text-align-center has-xx-large-font-size\"><\/h2>\n\n\n\n<p class=\"has-text-align-center is-style-text-subtitle is-style-text-subtitle--7\"><\/p>\n\n\n\n<div style=\"height:0px\" aria-hidden=\"true\" class=\"wp-block-spacer wp-container-content-62aae154\"><\/div>\n\n\n\n<div class=\"wp-block-buttons is-content-justification-center is-layout-flex wp-container-core-buttons-is-layout-a89b3969 wp-block-buttons-is-layout-flex\"><\/div>\n<\/div>\n<\/aside>\n\n\n\n<p><\/p>\n","protected":false},"excerpt":{"rendered":"<p>La tarte au piment Illustr\u00e9 par Outreciel isbn : 9791069976627 Tout juste adopt\u00e9 par Stella, Drago ne trouve pas sa place, il refuse m\u00eame de manger. La petite fille&nbsp;va devoir&nbsp;faire preuve de cr\u00e9ativit\u00e9 pour trouver la bonne recette.&nbsp;La tarte au piment sera ce qui les r\u00e9unira&nbsp;mais aussi ce qui donnera envie \u00e0 Drago de s&#8217;\u00e9manciper&#8230;&nbsp; [&hellip;]<\/p>\n","protected":false},"author":1,"featured_media":0,"parent":0,"menu_order":4,"comment_status":"closed","ping_status":"closed","template":"","meta":{"footnotes":""},"class_list":["post-23","page","type-page","status-publish","hentry"],"jetpack_sharing_enabled":true,"_links":{"self":[{"href":"https:\/\/www.ludivinealcala.fr\/index.php\/wp-json\/wp\/v2\/pages\/23","targetHints":{"allow":["GET"]}}],"collection":[{"href":"https:\/\/www.ludivinealcala.fr\/index.php\/wp-json\/wp\/v2\/pages"}],"about":[{"href":"https:\/\/www.ludivinealcala.fr\/index.php\/wp-json\/wp\/v2\/types\/page"}],"author":[{"embeddable":true,"href":"https:\/\/www.ludivinealcala.fr\/index.php\/wp-json\/wp\/v2\/users\/1"}],"replies":[{"embeddable":true,"href":"https:\/\/www.ludivinealcala.fr\/index.php\/wp-json\/wp\/v2\/comments?post=23"}],"version-history":[{"count":12,"href":"https:\/\/www.ludivinealcala.fr\/index.php\/wp-json\/wp\/v2\/pages\/23\/revisions"}],"predecessor-version":[{"id":191,"href":"https:\/\/www.ludivinealcala.fr\/index.php\/wp-json\/wp\/v2\/pages\/23\/revisions\/191"}],"wp:attachment":[{"href":"https:\/\/www.ludivinealcala.fr\/index.php\/wp-json\/wp\/v2\/media?parent=23"}],"curies":[{"name":"wp","href":"https:\/\/api.w.org\/{rel}","templated":true}]}}