{"id":25,"date":"2025-08-11T16:33:09","date_gmt":"2025-08-11T16:33:09","guid":{"rendered":"http:\/\/ludivih.cluster100.hosting.ovh.net\/?page_id=25"},"modified":"2025-08-20T14:43:20","modified_gmt":"2025-08-20T14:43:20","slug":"pieces-de-theatre","status":"publish","type":"page","link":"https:\/\/www.ludivinealcala.fr\/index.php\/pieces-de-theatre\/","title":{"rendered":"Pi\u00e8ces de th\u00e9\u00e2tre"},"content":{"rendered":"\n<div class=\"wp-block-group alignfull has-global-padding is-layout-constrained wp-block-group-is-layout-constrained\" style=\"margin-top:0;margin-bottom:0;padding-top:var(--wp--preset--spacing--50);padding-bottom:var(--wp--preset--spacing--50)\">\n<div class=\"wp-block-columns alignwide is-layout-flex wp-container-core-columns-is-layout-47c06fe3 wp-block-columns-is-layout-flex\">\n<div class=\"wp-block-column is-layout-flow wp-block-column-is-layout-flow\" style=\"flex-basis:56%\">\n<figure class=\"wp-block-image size-full\"><img loading=\"lazy\" decoding=\"async\" width=\"1587\" height=\"2245\" src=\"http:\/\/ludivinealcala.fr\/wp-content\/uploads\/2025\/08\/gaia_sous_les_etoiles.jpg\" alt=\"\" class=\"wp-image-129\" style=\"aspect-ratio:1;object-fit:contain\" srcset=\"https:\/\/www.ludivinealcala.fr\/wp-content\/uploads\/2025\/08\/gaia_sous_les_etoiles.jpg 1587w, https:\/\/www.ludivinealcala.fr\/wp-content\/uploads\/2025\/08\/gaia_sous_les_etoiles-212x300.jpg 212w, https:\/\/www.ludivinealcala.fr\/wp-content\/uploads\/2025\/08\/gaia_sous_les_etoiles-724x1024.jpg 724w, https:\/\/www.ludivinealcala.fr\/wp-content\/uploads\/2025\/08\/gaia_sous_les_etoiles-768x1086.jpg 768w, https:\/\/www.ludivinealcala.fr\/wp-content\/uploads\/2025\/08\/gaia_sous_les_etoiles-1086x1536.jpg 1086w, https:\/\/www.ludivinealcala.fr\/wp-content\/uploads\/2025\/08\/gaia_sous_les_etoiles-1448x2048.jpg 1448w\" sizes=\"auto, (max-width: 1587px) 100vw, 1587px\" \/><\/figure>\n<\/div>\n\n\n\n<div class=\"wp-block-column is-vertically-aligned-center is-layout-flow wp-container-core-column-is-layout-119bc444 wp-block-column-is-layout-flow\">\n<h2 class=\"wp-block-heading\">2025 : Gaia sous les \u00e9toiles<\/h2>\n\n\n\n<p><strong>\u201cGaia sous les \u00e9toiles\u201d retrace le destin de Mme Dujardin, fugueuse professionnelle ayant disparu encore une fois ! Enqu\u00eate, flair, et r\u00e9incarnation au programme !<\/strong><\/p>\n\n\n\n<p class=\"has-medium-font-size\">Une cr\u00e9ation de la troupe adulte Les Cigales, travaillant \u00e0 l&#8217;ESAT \u00e9ponyme.<\/p>\n\n\n\n<div class=\"wp-block-buttons is-layout-flex wp-block-buttons-is-layout-flex\">\n<div class=\"wp-block-button\"><a class=\"wp-block-button__link wp-element-button\">Plus d&#8217;informations<\/a><\/div>\n<\/div>\n<\/div>\n<\/div>\n<\/div>\n\n\n\n<div class=\"wp-block-cover alignfull\"><span aria-hidden=\"true\" class=\"wp-block-cover__background has-background-dim\"><\/span><div class=\"wp-block-cover__inner-container is-layout-flow wp-block-cover-is-layout-flow\">\n<div class=\"wp-block-group alignfull has-global-padding is-layout-constrained wp-block-group-is-layout-constrained\" style=\"margin-top:0;margin-bottom:0;padding-top:var(--wp--preset--spacing--50);padding-bottom:var(--wp--preset--spacing--50)\">\n<div class=\"wp-block-cover alignwide\"><span aria-hidden=\"true\" class=\"wp-block-cover__background has-background-dim\"><\/span><div class=\"wp-block-cover__inner-container is-layout-flow wp-block-cover-is-layout-flow\">\n<div class=\"wp-block-group alignwide is-layout-grid wp-container-core-group-is-layout-2ee631fb wp-block-group-is-layout-grid\">\n<div class=\"wp-block-group is-vertical is-layout-flex wp-container-core-group-is-layout-d6b9ab57 wp-block-group-is-layout-flex\">\n<h2 class=\"wp-block-heading has-x-large-font-size\">Cr\u00e9ations originales<\/h2>\n<\/div>\n\n\n\n<div class=\"wp-block-group is-vertical is-content-justification-stretch is-layout-flex wp-container-core-group-is-layout-353c4f5a wp-block-group-is-layout-flex\">\n<div class=\"wp-block-cover is-light\"><img loading=\"lazy\" decoding=\"async\" width=\"724\" height=\"1024\" class=\"wp-block-cover__image-background wp-image-140 size-large\" alt=\"\" src=\"http:\/\/ludivinealcala.fr\/wp-content\/uploads\/2025\/08\/9-1-724x1024.jpg\" data-object-fit=\"cover\" srcset=\"https:\/\/www.ludivinealcala.fr\/wp-content\/uploads\/2025\/08\/9-1-724x1024.jpg 724w, https:\/\/www.ludivinealcala.fr\/wp-content\/uploads\/2025\/08\/9-1-212x300.jpg 212w, https:\/\/www.ludivinealcala.fr\/wp-content\/uploads\/2025\/08\/9-1-768x1086.jpg 768w, https:\/\/www.ludivinealcala.fr\/wp-content\/uploads\/2025\/08\/9-1-1086x1536.jpg 1086w, https:\/\/www.ludivinealcala.fr\/wp-content\/uploads\/2025\/08\/9-1-1448x2048.jpg 1448w, https:\/\/www.ludivinealcala.fr\/wp-content\/uploads\/2025\/08\/9-1.jpg 1587w\" sizes=\"auto, (max-width: 724px) 100vw, 724px\" \/><span aria-hidden=\"true\" class=\"wp-block-cover__background has-background-dim-0 has-background-dim\" style=\"background-color:#833d3a\"><\/span><div class=\"wp-block-cover__inner-container has-global-padding is-layout-constrained wp-block-cover-is-layout-constrained\">\n<p class=\"has-text-align-center has-large-font-size\"><\/p>\n<\/div><\/div>\n\n\n\n<p class=\"has-text-align-center\"><em>Politique et incorrect,<\/em> com\u00e9die grin\u00e7ante \u00e0 partir de 8 ans<\/p>\n<\/div>\n\n\n\n<div class=\"wp-block-group is-vertical is-content-justification-stretch is-layout-flex wp-container-core-group-is-layout-353c4f5a wp-block-group-is-layout-flex\">\n<div class=\"wp-block-cover is-light\"><img loading=\"lazy\" decoding=\"async\" width=\"724\" height=\"1024\" class=\"wp-block-cover__image-background wp-image-141 size-large\" alt=\"\" src=\"http:\/\/ludivinealcala.fr\/wp-content\/uploads\/2025\/08\/10-724x1024.jpg\" data-object-fit=\"cover\" srcset=\"https:\/\/www.ludivinealcala.fr\/wp-content\/uploads\/2025\/08\/10-724x1024.jpg 724w, https:\/\/www.ludivinealcala.fr\/wp-content\/uploads\/2025\/08\/10-212x300.jpg 212w, https:\/\/www.ludivinealcala.fr\/wp-content\/uploads\/2025\/08\/10-768x1086.jpg 768w, https:\/\/www.ludivinealcala.fr\/wp-content\/uploads\/2025\/08\/10-1086x1536.jpg 1086w, https:\/\/www.ludivinealcala.fr\/wp-content\/uploads\/2025\/08\/10-1448x2048.jpg 1448w, https:\/\/www.ludivinealcala.fr\/wp-content\/uploads\/2025\/08\/10.jpg 1587w\" sizes=\"auto, (max-width: 724px) 100vw, 724px\" \/><span aria-hidden=\"true\" class=\"wp-block-cover__background has-background-dim-0 has-background-dim\" style=\"background-color:#828282\"><\/span><div class=\"wp-block-cover__inner-container has-global-padding is-layout-constrained wp-block-cover-is-layout-constrained\">\n<p class=\"has-text-align-center has-large-font-size\"><\/p>\n<\/div><\/div>\n\n\n\n<p class=\"has-text-align-center\"><em>Chamboule-tout !<\/em> cr\u00e9ation adultes en ESAT<\/p>\n<\/div>\n\n\n\n<div class=\"wp-block-group is-vertical is-content-justification-stretch is-layout-flex wp-container-core-group-is-layout-353c4f5a wp-block-group-is-layout-flex\">\n<div style=\"height:22px\" aria-hidden=\"true\" class=\"wp-block-spacer wp-container-content-d62f4c8e\"><\/div>\n\n\n\n<div class=\"wp-block-cover is-light\"><img loading=\"lazy\" decoding=\"async\" width=\"724\" height=\"1024\" class=\"wp-block-cover__image-background wp-image-143 size-large\" alt=\"\" src=\"http:\/\/ludivinealcala.fr\/wp-content\/uploads\/2025\/08\/17-724x1024.jpg\" data-object-fit=\"cover\" srcset=\"https:\/\/www.ludivinealcala.fr\/wp-content\/uploads\/2025\/08\/17-724x1024.jpg 724w, https:\/\/www.ludivinealcala.fr\/wp-content\/uploads\/2025\/08\/17-212x300.jpg 212w, https:\/\/www.ludivinealcala.fr\/wp-content\/uploads\/2025\/08\/17-768x1086.jpg 768w, https:\/\/www.ludivinealcala.fr\/wp-content\/uploads\/2025\/08\/17-1086x1536.jpg 1086w, https:\/\/www.ludivinealcala.fr\/wp-content\/uploads\/2025\/08\/17-1448x2048.jpg 1448w, https:\/\/www.ludivinealcala.fr\/wp-content\/uploads\/2025\/08\/17.jpg 1587w\" sizes=\"auto, (max-width: 724px) 100vw, 724px\" \/><span aria-hidden=\"true\" class=\"wp-block-cover__background has-background-dim-0 has-background-dim\" style=\"background-color:#d6bc98\"><\/span><div class=\"wp-block-cover__inner-container has-global-padding is-layout-constrained wp-block-cover-is-layout-constrained\">\n<p class=\"has-text-align-center has-large-font-size\"><\/p>\n<\/div><\/div>\n\n\n\n<p class=\"has-text-align-center\"><em>Pompom, objectif Hawai!<\/em> Com\u00e9die \u00e0 partir de 8 ans<\/p>\n<\/div>\n\n\n\n<div class=\"wp-block-group has-global-padding is-layout-constrained wp-block-group-is-layout-constrained\">\n<p class=\"wp-container-content-69bc4bdf\"><\/p>\n\n\n\n<figure class=\"wp-block-image size-large\"><img loading=\"lazy\" decoding=\"async\" width=\"724\" height=\"1024\" src=\"http:\/\/ludivinealcala.fr\/wp-content\/uploads\/2025\/08\/14-1-724x1024.jpg\" alt=\"\" class=\"wp-image-146\" srcset=\"https:\/\/www.ludivinealcala.fr\/wp-content\/uploads\/2025\/08\/14-1-724x1024.jpg 724w, https:\/\/www.ludivinealcala.fr\/wp-content\/uploads\/2025\/08\/14-1-212x300.jpg 212w, https:\/\/www.ludivinealcala.fr\/wp-content\/uploads\/2025\/08\/14-1-768x1086.jpg 768w, https:\/\/www.ludivinealcala.fr\/wp-content\/uploads\/2025\/08\/14-1-1086x1536.jpg 1086w, https:\/\/www.ludivinealcala.fr\/wp-content\/uploads\/2025\/08\/14-1-1448x2048.jpg 1448w, https:\/\/www.ludivinealcala.fr\/wp-content\/uploads\/2025\/08\/14-1.jpg 1587w\" sizes=\"auto, (max-width: 724px) 100vw, 724px\" \/><\/figure>\n\n\n\n<p><em>Mariage Moyen-Age<\/em>, cr\u00e9ation adultes en ESAT<\/p>\n<\/div>\n<\/div>\n<\/div><\/div>\n<\/div>\n\n\n\n<h2 class=\"wp-block-heading has-text-align-center\">Adaptations<\/h2>\n<\/div><\/div>\n\n\n\n<figure class=\"wp-block-gallery has-nested-images columns-default is-cropped wp-block-gallery-1 is-layout-flex wp-block-gallery-is-layout-flex\">\n<figure class=\"wp-block-image size-large\"><img loading=\"lazy\" decoding=\"async\" width=\"1024\" height=\"1024\" data-id=\"154\" src=\"http:\/\/ludivinealcala.fr\/wp-content\/uploads\/2025\/08\/20_b-1024x1024.jpg\" alt=\"\" class=\"wp-image-154\" srcset=\"https:\/\/www.ludivinealcala.fr\/wp-content\/uploads\/2025\/08\/20_b-1024x1024.jpg 1024w, https:\/\/www.ludivinealcala.fr\/wp-content\/uploads\/2025\/08\/20_b-300x300.jpg 300w, https:\/\/www.ludivinealcala.fr\/wp-content\/uploads\/2025\/08\/20_b-150x150.jpg 150w, https:\/\/www.ludivinealcala.fr\/wp-content\/uploads\/2025\/08\/20_b-768x768.jpg 768w, https:\/\/www.ludivinealcala.fr\/wp-content\/uploads\/2025\/08\/20_b-1536x1536.jpg 1536w, https:\/\/www.ludivinealcala.fr\/wp-content\/uploads\/2025\/08\/20_b.jpg 1587w\" sizes=\"auto, (max-width: 1024px) 100vw, 1024px\" \/><\/figure>\n\n\n\n<figure class=\"wp-block-image size-large\"><img loading=\"lazy\" decoding=\"async\" width=\"1024\" height=\"1024\" data-id=\"153\" src=\"http:\/\/ludivinealcala.fr\/wp-content\/uploads\/2025\/08\/8_b-1024x1024.jpg\" alt=\"\" class=\"wp-image-153\" srcset=\"https:\/\/www.ludivinealcala.fr\/wp-content\/uploads\/2025\/08\/8_b-1024x1024.jpg 1024w, https:\/\/www.ludivinealcala.fr\/wp-content\/uploads\/2025\/08\/8_b-300x300.jpg 300w, https:\/\/www.ludivinealcala.fr\/wp-content\/uploads\/2025\/08\/8_b-150x150.jpg 150w, https:\/\/www.ludivinealcala.fr\/wp-content\/uploads\/2025\/08\/8_b-768x768.jpg 768w, https:\/\/www.ludivinealcala.fr\/wp-content\/uploads\/2025\/08\/8_b-1536x1536.jpg 1536w, https:\/\/www.ludivinealcala.fr\/wp-content\/uploads\/2025\/08\/8_b.jpg 1587w\" sizes=\"auto, (max-width: 1024px) 100vw, 1024px\" \/><\/figure>\n\n\n\n<figure class=\"wp-block-image size-large\"><img loading=\"lazy\" decoding=\"async\" width=\"1024\" height=\"1024\" data-id=\"155\" src=\"http:\/\/ludivinealcala.fr\/wp-content\/uploads\/2025\/08\/5-b-1024x1024.jpg\" alt=\"\" class=\"wp-image-155\" srcset=\"https:\/\/www.ludivinealcala.fr\/wp-content\/uploads\/2025\/08\/5-b-1024x1024.jpg 1024w, https:\/\/www.ludivinealcala.fr\/wp-content\/uploads\/2025\/08\/5-b-300x300.jpg 300w, https:\/\/www.ludivinealcala.fr\/wp-content\/uploads\/2025\/08\/5-b-150x150.jpg 150w, https:\/\/www.ludivinealcala.fr\/wp-content\/uploads\/2025\/08\/5-b-768x768.jpg 768w, https:\/\/www.ludivinealcala.fr\/wp-content\/uploads\/2025\/08\/5-b-1536x1536.jpg 1536w, https:\/\/www.ludivinealcala.fr\/wp-content\/uploads\/2025\/08\/5-b.jpg 1587w\" sizes=\"auto, (max-width: 1024px) 100vw, 1024px\" \/><\/figure>\n\n\n\n<figure class=\"wp-block-image size-large\"><img loading=\"lazy\" decoding=\"async\" width=\"1024\" height=\"1024\" data-id=\"137\" src=\"http:\/\/ludivinealcala.fr\/wp-content\/uploads\/2025\/08\/1-b-1024x1024.jpg\" alt=\"\" class=\"wp-image-137\" srcset=\"https:\/\/www.ludivinealcala.fr\/wp-content\/uploads\/2025\/08\/1-b-1024x1024.jpg 1024w, https:\/\/www.ludivinealcala.fr\/wp-content\/uploads\/2025\/08\/1-b-300x300.jpg 300w, https:\/\/www.ludivinealcala.fr\/wp-content\/uploads\/2025\/08\/1-b-150x150.jpg 150w, https:\/\/www.ludivinealcala.fr\/wp-content\/uploads\/2025\/08\/1-b-768x768.jpg 768w, https:\/\/www.ludivinealcala.fr\/wp-content\/uploads\/2025\/08\/1-b-1536x1536.jpg 1536w, https:\/\/www.ludivinealcala.fr\/wp-content\/uploads\/2025\/08\/1-b.jpg 1587w\" sizes=\"auto, (max-width: 1024px) 100vw, 1024px\" \/><\/figure>\n\n\n\n<figure class=\"wp-block-image size-large\"><img loading=\"lazy\" decoding=\"async\" width=\"1024\" height=\"1024\" data-id=\"136\" src=\"http:\/\/ludivinealcala.fr\/wp-content\/uploads\/2025\/08\/3-b-1024x1024.jpg\" alt=\"\" class=\"wp-image-136\" srcset=\"https:\/\/www.ludivinealcala.fr\/wp-content\/uploads\/2025\/08\/3-b-1024x1024.jpg 1024w, https:\/\/www.ludivinealcala.fr\/wp-content\/uploads\/2025\/08\/3-b-300x300.jpg 300w, https:\/\/www.ludivinealcala.fr\/wp-content\/uploads\/2025\/08\/3-b-150x150.jpg 150w, https:\/\/www.ludivinealcala.fr\/wp-content\/uploads\/2025\/08\/3-b-768x768.jpg 768w, https:\/\/www.ludivinealcala.fr\/wp-content\/uploads\/2025\/08\/3-b-1536x1536.jpg 1536w, https:\/\/www.ludivinealcala.fr\/wp-content\/uploads\/2025\/08\/3-b.jpg 1587w\" sizes=\"auto, (max-width: 1024px) 100vw, 1024px\" \/><\/figure>\n<\/figure>\n\n\n\n<p class=\"has-text-align-center\">Et bien d&#8217;autres encore&#8230;<\/p>\n\n\n\n<p><\/p>\n","protected":false},"excerpt":{"rendered":"<p>2025 : Gaia sous les \u00e9toiles \u201cGaia sous les \u00e9toiles\u201d retrace le destin de Mme Dujardin, fugueuse professionnelle ayant disparu encore une fois ! Enqu\u00eate, flair, et r\u00e9incarnation au programme ! Une cr\u00e9ation de la troupe adulte Les Cigales, travaillant \u00e0 l&#8217;ESAT \u00e9ponyme. Et bien d&#8217;autres encore&#8230;<\/p>\n","protected":false},"author":1,"featured_media":0,"parent":0,"menu_order":4,"comment_status":"closed","ping_status":"closed","template":"","meta":{"footnotes":""},"class_list":["post-25","page","type-page","status-publish","hentry"],"jetpack_sharing_enabled":true,"_links":{"self":[{"href":"https:\/\/www.ludivinealcala.fr\/index.php\/wp-json\/wp\/v2\/pages\/25","targetHints":{"allow":["GET"]}}],"collection":[{"href":"https:\/\/www.ludivinealcala.fr\/index.php\/wp-json\/wp\/v2\/pages"}],"about":[{"href":"https:\/\/www.ludivinealcala.fr\/index.php\/wp-json\/wp\/v2\/types\/page"}],"author":[{"embeddable":true,"href":"https:\/\/www.ludivinealcala.fr\/index.php\/wp-json\/wp\/v2\/users\/1"}],"replies":[{"embeddable":true,"href":"https:\/\/www.ludivinealcala.fr\/index.php\/wp-json\/wp\/v2\/comments?post=25"}],"version-history":[{"count":15,"href":"https:\/\/www.ludivinealcala.fr\/index.php\/wp-json\/wp\/v2\/pages\/25\/revisions"}],"predecessor-version":[{"id":178,"href":"https:\/\/www.ludivinealcala.fr\/index.php\/wp-json\/wp\/v2\/pages\/25\/revisions\/178"}],"wp:attachment":[{"href":"https:\/\/www.ludivinealcala.fr\/index.php\/wp-json\/wp\/v2\/media?parent=25"}],"curies":[{"name":"wp","href":"https:\/\/api.w.org\/{rel}","templated":true}]}}