{"id":367,"date":"2026-04-04T16:16:28","date_gmt":"2026-04-04T16:16:28","guid":{"rendered":"https:\/\/www.ludivinealcala.fr\/?page_id=367"},"modified":"2026-04-04T16:38:57","modified_gmt":"2026-04-04T16:38:57","slug":"evenements","status":"publish","type":"page","link":"https:\/\/www.ludivinealcala.fr\/index.php\/evenements\/","title":{"rendered":"\u00c9v\u00e8nements"},"content":{"rendered":"\n<div class=\"wp-block-group alignwide is-style-default is-vertical is-content-justification-center is-layout-flex wp-container-core-group-is-layout-3613de86 wp-block-group-is-layout-flex\" style=\"margin-top:0;margin-bottom:0;padding-top:0;padding-bottom:0\">\n<figure class=\"wp-block-image size-large\"><img loading=\"lazy\" decoding=\"async\" width=\"724\" height=\"1024\" src=\"https:\/\/www.ludivinealcala.fr\/wp-content\/uploads\/2026\/04\/Affiche-evenement-programme-du-mois-moderne-et-simple-blanc-jaune-rouge-1-1-724x1024.png\" alt=\"\" class=\"wp-image-373\" srcset=\"https:\/\/www.ludivinealcala.fr\/wp-content\/uploads\/2026\/04\/Affiche-evenement-programme-du-mois-moderne-et-simple-blanc-jaune-rouge-1-1-724x1024.png 724w, https:\/\/www.ludivinealcala.fr\/wp-content\/uploads\/2026\/04\/Affiche-evenement-programme-du-mois-moderne-et-simple-blanc-jaune-rouge-1-1-212x300.png 212w, https:\/\/www.ludivinealcala.fr\/wp-content\/uploads\/2026\/04\/Affiche-evenement-programme-du-mois-moderne-et-simple-blanc-jaune-rouge-1-1-768x1086.png 768w, https:\/\/www.ludivinealcala.fr\/wp-content\/uploads\/2026\/04\/Affiche-evenement-programme-du-mois-moderne-et-simple-blanc-jaune-rouge-1-1-1086x1536.png 1086w, https:\/\/www.ludivinealcala.fr\/wp-content\/uploads\/2026\/04\/Affiche-evenement-programme-du-mois-moderne-et-simple-blanc-jaune-rouge-1-1-1448x2048.png 1448w, https:\/\/www.ludivinealcala.fr\/wp-content\/uploads\/2026\/04\/Affiche-evenement-programme-du-mois-moderne-et-simple-blanc-jaune-rouge-1-1.png 1587w\" sizes=\"auto, (max-width: 724px) 100vw, 724px\" \/><\/figure>\n<\/div>\n\n\n\n<div class=\"wp-block-group alignfull is-style-section-5 has-global-padding is-layout-constrained wp-block-group-is-layout-constrained is-style-section-5--1\" style=\"margin-top:0;margin-bottom:0;padding-top:var(--wp--preset--spacing--50);padding-bottom:var(--wp--preset--spacing--50)\">\n<div class=\"wp-block-columns alignwide is-layout-flex wp-container-core-columns-is-layout-7ee84d44 wp-block-columns-is-layout-flex\">\n<div class=\"wp-block-column is-vertically-aligned-center is-layout-flow wp-block-column-is-layout-flow\" style=\"flex-basis:50%\">\n<h2 class=\"wp-block-heading\">Exposition PHOTO de Camille BARR\u00c9 augment\u00e9e de mes textes<\/h2>\n\n\n\n<p class=\"has-medium-font-size\">A venir&#8230;<\/p>\n<\/div>\n\n\n\n<div class=\"wp-block-column is-vertically-aligned-center is-layout-flow wp-block-column-is-layout-flow\" style=\"flex-basis:50%\">\n<figure class=\"wp-block-image size-full\"><img loading=\"lazy\" decoding=\"async\" width=\"1414\" height=\"2000\" src=\"https:\/\/www.ludivinealcala.fr\/wp-content\/uploads\/2026\/04\/Affiche_Publicitaire_Annonce_Soiree_Jeunes_Moderne_Photo_Blanc_Bleu_20260314_114019_0000.jpg\" alt=\"\" class=\"wp-image-369\" srcset=\"https:\/\/www.ludivinealcala.fr\/wp-content\/uploads\/2026\/04\/Affiche_Publicitaire_Annonce_Soiree_Jeunes_Moderne_Photo_Blanc_Bleu_20260314_114019_0000.jpg 1414w, https:\/\/www.ludivinealcala.fr\/wp-content\/uploads\/2026\/04\/Affiche_Publicitaire_Annonce_Soiree_Jeunes_Moderne_Photo_Blanc_Bleu_20260314_114019_0000-212x300.jpg 212w, https:\/\/www.ludivinealcala.fr\/wp-content\/uploads\/2026\/04\/Affiche_Publicitaire_Annonce_Soiree_Jeunes_Moderne_Photo_Blanc_Bleu_20260314_114019_0000-724x1024.jpg 724w, https:\/\/www.ludivinealcala.fr\/wp-content\/uploads\/2026\/04\/Affiche_Publicitaire_Annonce_Soiree_Jeunes_Moderne_Photo_Blanc_Bleu_20260314_114019_0000-768x1086.jpg 768w, https:\/\/www.ludivinealcala.fr\/wp-content\/uploads\/2026\/04\/Affiche_Publicitaire_Annonce_Soiree_Jeunes_Moderne_Photo_Blanc_Bleu_20260314_114019_0000-1086x1536.jpg 1086w\" sizes=\"auto, (max-width: 1414px) 100vw, 1414px\" \/><\/figure>\n<\/div>\n<\/div>\n\n\n\n<div class=\"wp-block-columns alignwide is-style-section-3 is-layout-flex wp-container-core-columns-is-layout-7ee84d44 wp-block-columns-is-layout-flex is-style-section-3--2\">\n<div class=\"wp-block-column is-vertically-aligned-center is-layout-flow wp-block-column-is-layout-flow\" style=\"flex-basis:50%\">\n<figure class=\"wp-block-image size-full\"><img loading=\"lazy\" decoding=\"async\" width=\"1587\" height=\"2245\" src=\"https:\/\/www.ludivinealcala.fr\/wp-content\/uploads\/2026\/04\/Le_dr_va_vous_recevoir_versionWEB-1.jpg\" alt=\"\" class=\"wp-image-378\" srcset=\"https:\/\/www.ludivinealcala.fr\/wp-content\/uploads\/2026\/04\/Le_dr_va_vous_recevoir_versionWEB-1.jpg 1587w, https:\/\/www.ludivinealcala.fr\/wp-content\/uploads\/2026\/04\/Le_dr_va_vous_recevoir_versionWEB-1-212x300.jpg 212w, https:\/\/www.ludivinealcala.fr\/wp-content\/uploads\/2026\/04\/Le_dr_va_vous_recevoir_versionWEB-1-724x1024.jpg 724w, https:\/\/www.ludivinealcala.fr\/wp-content\/uploads\/2026\/04\/Le_dr_va_vous_recevoir_versionWEB-1-768x1086.jpg 768w, https:\/\/www.ludivinealcala.fr\/wp-content\/uploads\/2026\/04\/Le_dr_va_vous_recevoir_versionWEB-1-1086x1536.jpg 1086w, https:\/\/www.ludivinealcala.fr\/wp-content\/uploads\/2026\/04\/Le_dr_va_vous_recevoir_versionWEB-1-1448x2048.jpg 1448w\" sizes=\"auto, (max-width: 1587px) 100vw, 1587px\" \/><\/figure>\n<\/div>\n\n\n\n<div class=\"wp-block-column is-vertically-aligned-center is-layout-flow wp-block-column-is-layout-flow\" style=\"flex-basis:50%\">\n<h2 class=\"wp-block-heading\"><strong>Le Docteur va vous recevoir ! <\/strong><\/h2>\n\n\n\n<p class=\"has-medium-font-size\">La nouvelle com\u00e9die de la troupe Les Cigales de l&#8217;ESAT de Salon de Provence.<\/p>\n\n\n\n<p class=\"has-medium-font-size\"> <br><span style=\"text-decoration: underline;\">R\u00e9sum\u00e9<\/span> : La foule se presse dans la salle d&#8217;attente du Dr Benoist. On ne peut pas en dire autant du m\u00e9decin, qui, lui prend le temps de savourer le contact &#8220;patient&#8221; !\u00a0<br><span style=\"text-decoration: underline;\">Dates :<\/span> <strong>16 mai 2026<\/strong> au festival <em>Th\u00e9\u00e2tre en f\u00eate !<\/em> de La Fare Les Oliviers, <strong>23 juin 2026<\/strong> \u00e0 l&#8217;auditorium de Salon de Provence.<\/p>\n\n\n\n<p class=\"has-medium-font-size\">Avec <em>Fabienne Chiousse<\/em>, <em>S\u00e9bastien Gila<\/em>, <em>Sandra Roy<\/em>, <em>Chantal Bagnouls<\/em>, <em>Corine Pillin<\/em>, <em>Sonia Brahma<\/em>, <em>Sandra Dicerto<\/em>, <em>Ludivine Alcala<\/em><\/p>\n<\/div>\n<\/div>\n<\/div>\n\n\n\n<div class=\"wp-block-group alignfull is-style-section-1 has-global-padding is-layout-constrained wp-block-group-is-layout-constrained is-style-section-1--3\" style=\"margin-top:0;margin-bottom:0;padding-top:var(--wp--preset--spacing--80);padding-bottom:var(--wp--preset--spacing--80)\">\n<div style=\"height:var(--wp--preset--spacing--30)\" aria-hidden=\"true\" class=\"wp-block-spacer\"><\/div>\n\n\n\n<div class=\"wp-block-group alignwide is-content-justification-center is-layout-flex wp-container-core-group-is-layout-2c471116 wp-block-group-is-layout-flex\">\n<figure data-wp-context=\"{&quot;imageId&quot;:&quot;69d2158a0b386&quot;}\" data-wp-interactive=\"core\/image\" data-wp-key=\"69d2158a0b386\" class=\"wp-block-image size-full is-resized wp-lightbox-container\"><img loading=\"lazy\" decoding=\"async\" width=\"316\" height=\"320\" data-wp-class--hide=\"state.isContentHidden\" data-wp-class--show=\"state.isContentVisible\" data-wp-init=\"callbacks.setButtonStyles\" data-wp-on--click=\"actions.showLightbox\" data-wp-on--load=\"callbacks.setButtonStyles\" data-wp-on-window--resize=\"callbacks.setButtonStyles\" src=\"https:\/\/www.ludivinealcala.fr\/wp-content\/uploads\/2026\/04\/52387365322_67449cf189_n.jpg\" alt=\"\" class=\"wp-image-376\" style=\"aspect-ratio:4\/3;object-fit:contain;width:150px\" srcset=\"https:\/\/www.ludivinealcala.fr\/wp-content\/uploads\/2026\/04\/52387365322_67449cf189_n.jpg 316w, https:\/\/www.ludivinealcala.fr\/wp-content\/uploads\/2026\/04\/52387365322_67449cf189_n-296x300.jpg 296w\" sizes=\"auto, (max-width: 316px) 100vw, 316px\" \/><button\n\t\t\tclass=\"lightbox-trigger\"\n\t\t\ttype=\"button\"\n\t\t\taria-haspopup=\"dialog\"\n\t\t\taria-label=\"Enlarge\"\n\t\t\tdata-wp-init=\"callbacks.initTriggerButton\"\n\t\t\tdata-wp-on--click=\"actions.showLightbox\"\n\t\t\tdata-wp-style--right=\"state.imageButtonRight\"\n\t\t\tdata-wp-style--top=\"state.imageButtonTop\"\n\t\t>\n\t\t\t<svg xmlns=\"http:\/\/www.w3.org\/2000\/svg\" width=\"12\" height=\"12\" fill=\"none\" viewBox=\"0 0 12 12\">\n\t\t\t\t<path fill=\"#fff\" d=\"M2 0a2 2 0 0 0-2 2v2h1.5V2a.5.5 0 0 1 .5-.5h2V0H2Zm2 10.5H2a.5.5 0 0 1-.5-.5V8H0v2a2 2 0 0 0 2 2h2v-1.5ZM8 12v-1.5h2a.5.5 0 0 0 .5-.5V8H12v2a2 2 0 0 1-2 2H8Zm2-12a2 2 0 0 1 2 2v2h-1.5V2a.5.5 0 0 0-.5-.5H8V0h2Z\" \/>\n\t\t\t<\/svg>\n\t\t<\/button><\/figure>\n\n\n\n<figure class=\"wp-block-image size-large is-resized\"><img loading=\"lazy\" decoding=\"async\" width=\"724\" height=\"1024\" src=\"https:\/\/www.ludivinealcala.fr\/wp-content\/uploads\/2026\/04\/Le_dr_va_vous_recevoir_versionWEB-724x1024.jpg\" alt=\"\" class=\"wp-image-377\" style=\"aspect-ratio:4\/3;object-fit:contain;width:150px\" srcset=\"https:\/\/www.ludivinealcala.fr\/wp-content\/uploads\/2026\/04\/Le_dr_va_vous_recevoir_versionWEB-724x1024.jpg 724w, https:\/\/www.ludivinealcala.fr\/wp-content\/uploads\/2026\/04\/Le_dr_va_vous_recevoir_versionWEB-212x300.jpg 212w, https:\/\/www.ludivinealcala.fr\/wp-content\/uploads\/2026\/04\/Le_dr_va_vous_recevoir_versionWEB-768x1086.jpg 768w, https:\/\/www.ludivinealcala.fr\/wp-content\/uploads\/2026\/04\/Le_dr_va_vous_recevoir_versionWEB-1086x1536.jpg 1086w, https:\/\/www.ludivinealcala.fr\/wp-content\/uploads\/2026\/04\/Le_dr_va_vous_recevoir_versionWEB-1448x2048.jpg 1448w, https:\/\/www.ludivinealcala.fr\/wp-content\/uploads\/2026\/04\/Le_dr_va_vous_recevoir_versionWEB.jpg 1587w\" sizes=\"auto, (max-width: 724px) 100vw, 724px\" \/><\/figure>\n\n\n\n\n\n\n<\/div>\n<\/div>\n\n\n\n<div class=\"wp-block-group alignfull has-global-padding is-layout-constrained wp-container-core-group-is-layout-ebee8dc1 wp-block-group-is-layout-constrained\" style=\"margin-top:0;margin-bottom:0;padding-top:var(--wp--preset--spacing--50);padding-bottom:var(--wp--preset--spacing--50)\"><\/div>\n\n\n\n<aside class=\"wp-block-group alignfull is-style-section-3 has-global-padding is-layout-constrained wp-container-core-group-is-layout-f0f2a97b wp-block-group-is-layout-constrained is-style-section-3--4\" style=\"margin-top:0;margin-bottom:0;padding-top:var(--wp--preset--spacing--50);padding-right:var(--wp--preset--spacing--50);padding-bottom:var(--wp--preset--spacing--50);padding-left:var(--wp--preset--spacing--50)\">\n<div class=\"wp-block-group is-vertical is-content-justification-center is-layout-flex wp-container-core-group-is-layout-8778ca4a wp-block-group-is-layout-flex\" style=\"min-height:360px;margin-top:0;margin-bottom:0\">\n<h2 class=\"wp-block-heading has-text-align-center has-xx-large-font-size\"><a href=\"https:\/\/www.ludivinealcala.fr\/index.php\/contact\/\" data-type=\"page\" data-id=\"27\">Contactez-moi pour proposer un \u00e9v\u00e8nement<\/a><\/h2>\n\n\n\n<div style=\"height:0px\" aria-hidden=\"true\" class=\"wp-block-spacer wp-container-content-62aae154\"><\/div>\n\n\n\n<div class=\"wp-block-buttons is-content-justification-center is-layout-flex wp-container-core-buttons-is-layout-a89b3969 wp-block-buttons-is-layout-flex\"><\/div>\n<\/div>\n<\/aside>\n\n\n\n<p><\/p>\n","protected":false},"excerpt":{"rendered":"<p>Le Docteur va vous recevoir ! La nouvelle com\u00e9die de la troupe Les Cigales de l&#8217;ESAT de Salon de Provence. R\u00e9sum\u00e9 : La foule se presse dans la salle d&#8217;attente du Dr Benoist. On ne peut pas en dire autant du m\u00e9decin, qui, lui prend le temps de savourer le contact &#8220;patient&#8221; !\u00a0Dates : 16 [&hellip;]<\/p>\n","protected":false},"author":1,"featured_media":0,"parent":0,"menu_order":0,"comment_status":"closed","ping_status":"closed","template":"","meta":{"footnotes":""},"class_list":["post-367","page","type-page","status-publish","hentry"],"jetpack_sharing_enabled":true,"_links":{"self":[{"href":"https:\/\/www.ludivinealcala.fr\/index.php\/wp-json\/wp\/v2\/pages\/367","targetHints":{"allow":["GET"]}}],"collection":[{"href":"https:\/\/www.ludivinealcala.fr\/index.php\/wp-json\/wp\/v2\/pages"}],"about":[{"href":"https:\/\/www.ludivinealcala.fr\/index.php\/wp-json\/wp\/v2\/types\/page"}],"author":[{"embeddable":true,"href":"https:\/\/www.ludivinealcala.fr\/index.php\/wp-json\/wp\/v2\/users\/1"}],"replies":[{"embeddable":true,"href":"https:\/\/www.ludivinealcala.fr\/index.php\/wp-json\/wp\/v2\/comments?post=367"}],"version-history":[{"count":11,"href":"https:\/\/www.ludivinealcala.fr\/index.php\/wp-json\/wp\/v2\/pages\/367\/revisions"}],"predecessor-version":[{"id":388,"href":"https:\/\/www.ludivinealcala.fr\/index.php\/wp-json\/wp\/v2\/pages\/367\/revisions\/388"}],"wp:attachment":[{"href":"https:\/\/www.ludivinealcala.fr\/index.php\/wp-json\/wp\/v2\/media?parent=367"}],"curies":[{"name":"wp","href":"https:\/\/api.w.org\/{rel}","templated":true}]}}